{"id":388,"date":"2025-04-16T00:50:24","date_gmt":"2025-04-16T00:50:24","guid":{"rendered":"http:\/\/localhost\/mfpam\/?page_id=388"},"modified":"2025-04-16T00:52:27","modified_gmt":"2025-04-16T00:52:27","slug":"direction-generale-de-la-formation-technique-et-professionnelle","status":"publish","type":"page","link":"https:\/\/mfpam.gov.mr\/?page_id=388&lang=fr","title":{"rendered":"Direction G\u00e9n\u00e9rale de la Formation Technique et Professionnelle"},"content":{"rendered":"\n<p>La Direction G\u00e9n\u00e9rale de la Formation Technique et Professionnelle est charg\u00e9e de :<strong><\/strong><\/p>\n\n\n\n<ul class=\"wp-block-list\">\n<li>organiser et animer le syst\u00e8me de formation technique et professionnelle\u00a0;<\/li>\n\n\n\n<li>assurer le suivi et l\u2019\u00e9valuation des politiques et programmes de formation technique et professionnelle\u00a0;<\/li>\n\n\n\n<li>animer et coordonner les travaux d\u2019\u00e9laboration de la carte de la formation technique et professionnelle, en fonction des besoins socio-\u00e9conomiques\u00a0;<\/li>\n\n\n\n<li>coordonner la formation d\u2019ouvriers, d\u2019ouvriers qualifi\u00e9s, de techniciens, de bacheliers techniques et professionnels, de techniciens sup\u00e9rieurs et de formateurs\u00a0;<\/li>\n\n\n\n<li>coordonner les travaux d\u2019\u00e9laboration et de r\u00e9vision des programmes de formation technique et professionnelle, en relation avec les diff\u00e9rents op\u00e9rateurs dans le domaine de la formation technique et professionnelle et les organisations socioprofessionnelles\u00a0;<\/li>\n\n\n\n<li>veiller \u00e0 l\u2019utilisation optimale des espaces p\u00e9dagogiques et des ressources humaines et financi\u00e8res mobilis\u00e9es ;<\/li>\n\n\n\n<li>contr\u00f4ler la qualit\u00e9 des prestations des diff\u00e9rents intervenants dans le secteur de la formation technique et professionnelle et proc\u00e9der \u00e0 l\u2019\u00e9valuation p\u00e9riodique du fonctionnement et des performances du dispositif de formation technique et professionnelle\u00a0;<\/li>\n\n\n\n<li>instituer et animer les structures de concertation entre les diff\u00e9rentes parties concern\u00e9es par le fonctionnement du dispositif de formation technique et professionnelle aux niveaux national, r\u00e9gional et sectoriel\u00a0;<\/li>\n\n\n\n<li>promouvoir et d\u00e9velopper la formation professionnelle initiale dans les milieux professionnels, notamment, l&rsquo;apprentissage et la formation altern\u00e9e\u00a0;<\/li>\n\n\n\n<li>d\u00e9velopper un syst\u00e8me national d\u2019orientation des candidats de la formation technique et professionnelle\u00a0;<\/li>\n\n\n\n<li>orienter et g\u00e9rer les \u00e9tudiants en formation moyenne \u00e0 l\u2019\u00e9tranger\u00a0;<\/li>\n\n\n\n<li>organiser les examens et concours de la formation technique et professionnelle;<\/li>\n\n\n\n<li>mettre en place un syst\u00e8me national de reconnaissance des acquis professionnels et d\u2019homologation des dipl\u00f4mes dans le domaine de la formation technique et professionnelle\u00a0;<\/li>\n\n\n\n<li>d\u00e9velopper et veiller \u00e0 l\u2019application des normes de qualit\u00e9 dans le dispositif de formation technique et professionnelle.<\/li>\n<\/ul>\n\n\n\n<p>La Direction G\u00e9n\u00e9rale de la Formation Technique et Professionnelle est dirig\u00e9e par un Directeur G\u00e9n\u00e9ral, assist\u00e9 par un directeur g\u00e9n\u00e9ral adjoint.<\/p>\n\n\n\n<p>La Direction G\u00e9n\u00e9rale comprend trois (3) directions.<\/p>\n\n\n\n<ul class=\"wp-block-list\">\n<li>Direction de la Formation\u00a0;<\/li>\n\n\n\n<li>Direction des Examens et Concours\u00a0;<\/li>\n\n\n\n<li>Direction de la Promotion de la Formation Professionnelle Priv\u00e9e.<\/li>\n<\/ul>\n\n\n\n<p>Chaque direction est dirig\u00e9e par un directeur assist\u00e9 d\u2019un directeur adjoint.<\/p>\n\n\n\n<p><\/p>\n","protected":false},"excerpt":{"rendered":"<p>La Direction G\u00e9n\u00e9rale de la Formation Technique et Professionnelle est charg\u00e9e de : organiser et animer le syst\u00e8me de formation technique et professionnelle\u00a0; assurer le suivi et l\u2019\u00e9valuation des politiques et programmes de formation technique et professionnelle\u00a0; animer et coordonner les travaux d\u2019\u00e9laboration de la carte de la formation technique et professionnelle, en fonction des &hellip;<\/p>\n","protected":false},"author":1,"featured_media":0,"parent":0,"menu_order":0,"comment_status":"closed","ping_status":"closed","template":"","meta":{"footnotes":""},"class_list":["post-388","page","type-page","status-publish","hentry"],"_links":{"self":[{"href":"https:\/\/mfpam.gov.mr\/index.php?rest_route=\/wp\/v2\/pages\/388","targetHints":{"allow":["GET"]}}],"collection":[{"href":"https:\/\/mfpam.gov.mr\/index.php?rest_route=\/wp\/v2\/pages"}],"about":[{"href":"https:\/\/mfpam.gov.mr\/index.php?rest_route=\/wp\/v2\/types\/page"}],"author":[{"embeddable":true,"href":"https:\/\/mfpam.gov.mr\/index.php?rest_route=\/wp\/v2\/users\/1"}],"replies":[{"embeddable":true,"href":"https:\/\/mfpam.gov.mr\/index.php?rest_route=%2Fwp%2Fv2%2Fcomments&post=388"}],"version-history":[{"count":1,"href":"https:\/\/mfpam.gov.mr\/index.php?rest_route=\/wp\/v2\/pages\/388\/revisions"}],"predecessor-version":[{"id":389,"href":"https:\/\/mfpam.gov.mr\/index.php?rest_route=\/wp\/v2\/pages\/388\/revisions\/389"}],"wp:attachment":[{"href":"https:\/\/mfpam.gov.mr\/index.php?rest_route=%2Fwp%2Fv2%2Fmedia&parent=388"}],"curies":[{"name":"wp","href":"https:\/\/api.w.org\/{rel}","templated":true}]}}