{"id":391,"date":"2025-04-16T01:01:06","date_gmt":"2025-04-16T01:01:06","guid":{"rendered":"http:\/\/localhost\/mfpam\/?page_id=391"},"modified":"2025-04-16T01:09:19","modified_gmt":"2025-04-16T01:09:19","slug":"direction-generale-de-lartisanat-des-metiers-et-de-la-promotion-de-leconomie-sociale-et-solidaire","status":"publish","type":"page","link":"https:\/\/mfpam.gov.mr\/?page_id=391&lang=fr","title":{"rendered":"Direction G\u00e9n\u00e9rale de l\u2019Artisanat, des M\u00e9tiers et de la Promotion de l\u2019\u00c9conomie Sociale et Solidaire"},"content":{"rendered":"\n<p>La Direction G\u00e9n\u00e9rale de l&rsquo;Artisanat et des M\u00e9tiers et de la Promotion de l&rsquo;\u00c9conomie Sociale et Solidaire est charg\u00e9e de&nbsp;l\u2019\u00e9laboration, de la mise en \u0153uvre et du suivi, en coordination avec les services concern\u00e9s, de la politique du Gouvernement dans le domaine de l&rsquo;artisanat, des m\u00e9tiers et de l\u2019\u00c9conomie Sociale et Solidaire en rapport. A ce titre, elle s\u2019occupe, en particulier de :<\/p>\n\n\n\n<ul class=\"wp-block-list\">\n<li>coordonner toutes les interventions relevant de l&rsquo;artisanat, des m\u00e9tiers et de la micro, petite et moyenne entreprise sociale et solidaire ;<\/li>\n\n\n\n<li>proposer l&rsquo;agr\u00e9ment des organisations socioprofessionnelles, attribuer la carte professionnelle d&rsquo;artisan, et tenir le r\u00e9pertoire des m\u00e9tiers de l&rsquo;artisanat ;<\/li>\n\n\n\n<li>organiser et encadrer les activit\u00e9s du secteur et contr\u00f4ler la qualit\u00e9 des productions ;<\/li>\n\n\n\n<li>rechercher et exploiter les principales opportunit\u00e9s d&rsquo;exportation des produits de l&rsquo;artisanat national;<\/li>\n\n\n\n<li>veiller \u00e0 la sauvegarde du patrimoine artisanal national ;<\/li>\n\n\n\n<li>produire, exploiter et diffuser les statistiques du secteur de l&rsquo;artisanat, des m\u00e9tiers et de l\u2019\u00e9conomie sociale.<\/li>\n<\/ul>\n\n\n\n<p>La Direction G\u00e9n\u00e9rale de l\u2019Artisanat, des M\u00e9tiers et de la Promotion de l\u2019\u00c9conomie Sociale est dirig\u00e9e par un Directeur G\u00e9n\u00e9ral assist\u00e9 par un Directeur G\u00e9n\u00e9ral Adjoint.<\/p>\n\n\n\n<p>Elle comprend deux (2) Directions :<\/p>\n\n\n\n<ul class=\"wp-block-list\">\n<li>La Direction de la Pr\u00e9servation et de la Promotion du Patrimoine Artisanal&nbsp;;<\/li>\n\n\n\n<li>La Direction de la Promotion des M\u00e9tiers, de la Micro et Petite Entreprise Artisanale et de l\u2019\u00c9conomie Sociale et Solidaire.<\/li>\n<\/ul>\n\n\n\n<ul class=\"wp-block-list\">\n<li class=\"has-text-color has-link-color wp-elements-d6ee280fcb31ac8a1d30f1ee7f89c275\" style=\"color:#000000ab\"><a><strong>Direction de la Pr\u00e9servation et de la Promotion du Patrimoine Artisanal<\/strong><\/a><\/li>\n<\/ul>\n\n\n\n<p> La Direction de la Pr\u00e9servation et de la Promotion du Patrimoine Artisanal est charg\u00e9e de\u00a0:<\/p>\n\n\n\n<ul class=\"wp-block-list\">\n<li>\u00c9laborer et suivre la mise en \u0153uvre de la r\u00e9glementation du secteur&nbsp;;<\/li>\n\n\n\n<li>Tenir un registre des artisans et de la micro et petite entreprise artisanale&nbsp;;<\/li>\n\n\n\n<li>\u00c9laborer et tenir \u00e0 jour une encyclop\u00e9die de l\u2019artisanat mauritanien&nbsp;;<\/li>\n\n\n\n<li>Planifier et superviser la mise en \u0153uvre des strat\u00e9gies et plans d\u2019action de pr\u00e9servation et de promotion de l\u2019artisanat, y compris par les approches de la micro et petite entreprise&nbsp;;<\/li>\n\n\n\n<li>Valoriser le savoir-faire des artisans et \u0153uvrer \u00e0 le perp\u00e9tuer.<\/li>\n<\/ul>\n\n\n\n<p>La Direction de la Pr\u00e9servation et de la Promotion du Patrimoine Artisanal est dirig\u00e9e par un Directeur assist\u00e9 par un Directeur Adjoint.<\/p>\n\n\n\n<p>Elle comprend deux (2) Services&nbsp;:<\/p>\n\n\n\n<ul class=\"wp-block-list\">\n<li>Service de la r\u00e9glementation et de la Formation&nbsp;;<\/li>\n\n\n\n<li>Service de la qualit\u00e9 et de la Promotion du Patrimoine Artisanal.<\/li>\n<\/ul>\n\n\n\n<ul class=\"wp-block-list\">\n<li>Le Service de la r\u00e9glementation et de la Formation\u00a0est charg\u00e9 d\u2019assurer le respect de la r\u00e9glementation du secteur, de d\u00e9livrer les agr\u00e9ments aux artisans et aux organisations et groupements professionnels des artisans, de tenir le registre des artisans, de planifier et de superviser les plans de formation, d\u2019apprentissage et de transfert de comp\u00e9tence. Il comprend deux (2) divisions\u00a0:<\/li>\n\n\n\n<li>Division des normes et r\u00e8glements&nbsp;;<\/li>\n\n\n\n<li>Division de l\u2019apprentissage et de la formation.<\/li>\n<\/ul>\n\n\n\n<p>Le Service de la qualit\u00e9 et de la Promotion\u00a0du Patrimoine Artisanal est charg\u00e9 du suivi de la mise en \u0153uvre des activit\u00e9s de promotion du patrimoine artisanale.<\/p>\n\n\n\n<p>Il comprend deux (2) divisions&nbsp;:<\/p>\n\n\n\n<ul class=\"wp-block-list\">\n<li>Division de la pr\u00e9servation&nbsp;;<\/li>\n\n\n\n<li>Division de la promotion.<\/li>\n<\/ul>\n\n\n\n<ul class=\"wp-block-list\">\n<li class=\"has-text-color has-link-color wp-elements-4c3df0db57f99f92ae6f8055aa306365\" style=\"color:#000000b0\"><a>&nbsp;&nbsp;La Direction de la Promotion des M\u00e9tiers, de la Micro et Petite Entreprise Artisanale et de l\u2019\u00c9conomie Sociale et Solidaire<\/a><\/li>\n<\/ul>\n\n\n\n<p>La Direction de la Promotion des M\u00e9tiers, de la Micro et Petite Entreprise Artisanale et de l\u2019\u00c9conomie Sociale et Solidaire est charg\u00e9e de concevoir et de mettre en \u0153uvre les strat\u00e9gies de mobilisation de l\u2019ensemble des appuis et supports n\u00e9cessaires pour la promotion des entreprises et organisations des professionnels du secteur, en particulier les infrastructures communes et les \u00e9quipements \u00e0 usage collectifs, l\u2019organisation et l\u2019encadrement des zones artisanales. Pour ce faire, elle d\u00e9ploie des strat\u00e9gies innovantes de promotion de la micro et petite entreprise et de l\u2019\u00e9conomie sociale et solidaire pour mobiliser les appuis financiers, techniques, d\u2019encadrement et de formation au profit des entreprises et artisans.<\/p>\n\n\n\n<p>La Direction de la Promotion des M\u00e9tiers, de la Micro et Petite Entreprise Artisanale et de l\u2019\u00c9conomie Sociale et Solidaire est dirig\u00e9e par un Directeur assist\u00e9 par un Directeur Adjoint.<\/p>\n\n\n\n<p>Elle comprend deux (2) Services&nbsp;:<\/p>\n\n\n\n<ul class=\"wp-block-list\">\n<li class=\"has-text-color has-link-color wp-elements-25109de24e44739c5dead36eb9c7ad7e\" style=\"color:#000000b3\"><a>Service d\u2019Appui \u00e0 la MPE Artisanale et Social<\/a>e ;<\/li>\n\n\n\n<li>Service de Promotion de l\u2019\u00c9conomie Sociale et Solidaire.<\/li>\n<\/ul>\n\n\n\n<p> Le Service d\u2019Appui \u00e0 la Micro et Petite Entreprise Artisanale et de l\u2019\u00c9conomie Sociale<em> <\/em>est charg\u00e9 de faciliter l\u2019acc\u00e8s des artisans et des micros et petites entreprises aux diff\u00e9rents appuis, de coordonner les interventions des acteurs et de vulgariser les approches innovantes.<\/p>\n\n\n\n<p>Il comprend deux (2) divisions&nbsp;:<\/p>\n\n\n\n<ul class=\"wp-block-list\">\n<li>Division services aux entreprises&nbsp;;<\/li>\n\n\n\n<li>Division recherche et innovation.<\/li>\n<\/ul>\n\n\n\n<p>Le<em> <\/em>Service de Promotion de l\u2019\u00c9conomie Sociale<em> <\/em>et Solidaire est charg\u00e9 de recenser les acteurs de l\u2019\u00e9conomie sociale et solidaire et d\u00e9velopper les approches et outils d\u2019appui \u00e0 ces acteurs.<\/p>\n\n\n\n<p>Il comprend deux (2) divisions&nbsp;:<\/p>\n\n\n\n<ul class=\"wp-block-list\">\n<li>Division de coordination avec les organismes institutionnels ;<\/li>\n\n\n\n<li>Division de la vulgarisation.<\/li>\n<\/ul>\n\n\n\n<p><\/p>\n","protected":false},"excerpt":{"rendered":"<p>La Direction G\u00e9n\u00e9rale de l&rsquo;Artisanat et des M\u00e9tiers et de la Promotion de l&rsquo;\u00c9conomie Sociale et Solidaire est charg\u00e9e de&nbsp;l\u2019\u00e9laboration, de la mise en \u0153uvre et du suivi, en coordination avec les services concern\u00e9s, de la politique du Gouvernement dans le domaine de l&rsquo;artisanat, des m\u00e9tiers et de l\u2019\u00c9conomie Sociale et Solidaire en rapport. A &hellip;<\/p>\n","protected":false},"author":1,"featured_media":0,"parent":0,"menu_order":0,"comment_status":"closed","ping_status":"closed","template":"","meta":{"footnotes":""},"class_list":["post-391","page","type-page","status-publish","hentry"],"_links":{"self":[{"href":"https:\/\/mfpam.gov.mr\/index.php?rest_route=\/wp\/v2\/pages\/391","targetHints":{"allow":["GET"]}}],"collection":[{"href":"https:\/\/mfpam.gov.mr\/index.php?rest_route=\/wp\/v2\/pages"}],"about":[{"href":"https:\/\/mfpam.gov.mr\/index.php?rest_route=\/wp\/v2\/types\/page"}],"author":[{"embeddable":true,"href":"https:\/\/mfpam.gov.mr\/index.php?rest_route=\/wp\/v2\/users\/1"}],"replies":[{"embeddable":true,"href":"https:\/\/mfpam.gov.mr\/index.php?rest_route=%2Fwp%2Fv2%2Fcomments&post=391"}],"version-history":[{"count":2,"href":"https:\/\/mfpam.gov.mr\/index.php?rest_route=\/wp\/v2\/pages\/391\/revisions"}],"predecessor-version":[{"id":395,"href":"https:\/\/mfpam.gov.mr\/index.php?rest_route=\/wp\/v2\/pages\/391\/revisions\/395"}],"wp:attachment":[{"href":"https:\/\/mfpam.gov.mr\/index.php?rest_route=%2Fwp%2Fv2%2Fmedia&parent=391"}],"curies":[{"name":"wp","href":"https:\/\/api.w.org\/{rel}","templated":true}]}}