{"id":396,"date":"2025-04-16T01:12:09","date_gmt":"2025-04-16T01:12:09","guid":{"rendered":"http:\/\/localhost\/mfpam\/?page_id=396"},"modified":"2026-02-13T10:50:54","modified_gmt":"2026-02-13T10:50:54","slug":"direction-du-developpement-de-la-cooperation-et-des-systemes-dinformation","status":"publish","type":"page","link":"https:\/\/mfpam.gov.mr\/?page_id=396&lang=fr","title":{"rendered":"Direction du D\u00e9veloppement, de la Coop\u00e9ration et des Syst\u00e8mes d\u2019Information"},"content":{"rendered":"\n<p>La Direction du D\u00e9veloppement, de la Coop\u00e9ration et des Syst\u00e8mes d\u2019Information est charg\u00e9e de conduire toute r\u00e9flexion, proposition et action pouvant \u00e9clairer le Ministre sur les aspects de la politique, de la strat\u00e9gie et du management du secteur de la Formation Professionnelle, de l\u2019Artisanat et des M\u00e9tiers, de nature \u00e0 assurer une planification efficace du secteur. A ce titre, elle est charg\u00e9e notamment de :<\/p>\n\n\n\n<ul class=\"wp-block-list\">\n<li>contribuer \u00e0 la d\u00e9finition et \u00e0 la mise en \u0153uvre des objectifs strat\u00e9giques et \u00e0 la mobilisation de ressources&nbsp;;<\/li>\n\n\n\n<li>\u00e9laborer le plan directeur et les&nbsp; plans d\u2019actions,<\/li>\n\n\n\n<li>concevoir et exploiter les mod\u00e8les de projection relatifs au d\u00e9veloppement du secteur;<\/li>\n\n\n\n<li>r\u00e9aliser et mettre \u00e0 jour les \u00e9tudes diagnostiques du secteur ;<\/li>\n\n\n\n<li>r\u00e9aliser les \u00e9tudes \u00e9conomiques et financi\u00e8res relatives \u00e0 la Formation Professionnelle, \u00e0 l\u2019Artisanat et aux M\u00e9tiers ;<\/li>\n\n\n\n<li>coordonner, suivre et \u00e9valuer les programmes&nbsp;d\u2019activit\u00e9s du d\u00e9partement&nbsp;;<\/li>\n\n\n\n<li>collecter les informations et \u00e9laborer les statistiques y aff\u00e9rentes ;<\/li>\n\n\n\n<li>d\u00e9velopper et suivre&nbsp; la coop\u00e9ration avec les organismes nationaux et internationaux comp\u00e9tents, de m\u00eame que la coop\u00e9ration bilat\u00e9rale et multilat\u00e9rale ;<\/li>\n\n\n\n<li>tenir la documentation et les archives du d\u00e9partement.<\/li>\n<\/ul>\n\n\n\n<p>La Direction des \u00c9tudes, de la Programmation et de la Coop\u00e9ration est dirig\u00e9e par un directeur assist\u00e9 d\u2019un directeur adjoint. Elle comprend trois (3) services :<\/p>\n\n\n\n<ul class=\"wp-block-list\">\n<li>Service des strat\u00e9gies et de la Programmation&nbsp;;<\/li>\n\n\n\n<li>Service de la Coop\u00e9ration&nbsp;;<\/li>\n\n\n\n<li>Service des Syst\u00e8mes d\u2019Information et de Digitalisation.<\/li>\n<\/ul>\n\n\n\n<p>Le Service des strat\u00e9gies et de la Programmation est charg\u00e9 de la conception et de l\u2019\u00e9laboration des strat\u00e9gies de d\u00e9veloppement du secteur.<\/p>\n\n\n\n<p>Il comprend deux (2) divisions :<\/p>\n\n\n\n<ul class=\"wp-block-list\">\n<li>Division de la Programmation&nbsp;;<\/li>\n\n\n\n<li>Division des Statistiques.<\/li>\n<\/ul>\n\n\n\n<p>Le service de la Coop\u00e9ration est charg\u00e9, en concertation avec les administrations concern\u00e9es, de la gestion et du suivi de la coop\u00e9ration internationale et bilat\u00e9rale dans le domaine de la Formation Professionnelle, de l\u2019Artisanat, des M\u00e9tiers et de l\u2019\u00c9conomie Sociale et Solidaire.<\/p>\n\n\n\n<p>&nbsp;Il comprend deux (2) divisions :<\/p>\n\n\n\n<ul class=\"wp-block-list\">\n<li>Division de la Coop\u00e9ration Internationale&nbsp;;<\/li>\n\n\n\n<li>Division de la Coop\u00e9ration Bilat\u00e9rale.<\/li>\n<\/ul>\n\n\n\n<p><strong>Le Service<\/strong><strong> des Syst\u00e8mes d\u2019Information et de Digitalisation <\/strong>est charg\u00e9 de g\u00e9rer les syst\u00e8mes d\u2019information et de la promotion de la Digitalisation des processus et des proc\u00e9dures de l\u2019administration.&nbsp;&nbsp;<\/p>\n\n\n\n<p>Il comprend deux (2) divisions :<\/p>\n\n\n\n<ul class=\"wp-block-list\">\n<li>Division des Syst\u00e8mes d\u2019Information ;<\/li>\n\n\n\n<li>Division Promotion de la Digitalisation.<\/li>\n<\/ul>\n\n\n\n<p><\/p>\n","protected":false},"excerpt":{"rendered":"<p>La Direction du D\u00e9veloppement, de la Coop\u00e9ration et des Syst\u00e8mes d\u2019Information est charg\u00e9e de conduire toute r\u00e9flexion, proposition et action pouvant \u00e9clairer le Ministre sur les aspects de la politique, de la strat\u00e9gie et du management du secteur de la Formation Professionnelle, de l\u2019Artisanat et des M\u00e9tiers, de nature \u00e0 assurer une planification efficace du &hellip;<\/p>\n","protected":false},"author":1,"featured_media":0,"parent":0,"menu_order":0,"comment_status":"closed","ping_status":"closed","template":"","meta":{"footnotes":""},"class_list":["post-396","page","type-page","status-publish","hentry"],"_links":{"self":[{"href":"https:\/\/mfpam.gov.mr\/index.php?rest_route=\/wp\/v2\/pages\/396","targetHints":{"allow":["GET"]}}],"collection":[{"href":"https:\/\/mfpam.gov.mr\/index.php?rest_route=\/wp\/v2\/pages"}],"about":[{"href":"https:\/\/mfpam.gov.mr\/index.php?rest_route=\/wp\/v2\/types\/page"}],"author":[{"embeddable":true,"href":"https:\/\/mfpam.gov.mr\/index.php?rest_route=\/wp\/v2\/users\/1"}],"replies":[{"embeddable":true,"href":"https:\/\/mfpam.gov.mr\/index.php?rest_route=%2Fwp%2Fv2%2Fcomments&post=396"}],"version-history":[{"count":4,"href":"https:\/\/mfpam.gov.mr\/index.php?rest_route=\/wp\/v2\/pages\/396\/revisions"}],"predecessor-version":[{"id":897,"href":"https:\/\/mfpam.gov.mr\/index.php?rest_route=\/wp\/v2\/pages\/396\/revisions\/897"}],"wp:attachment":[{"href":"https:\/\/mfpam.gov.mr\/index.php?rest_route=%2Fwp%2Fv2%2Fmedia&parent=396"}],"curies":[{"name":"wp","href":"https:\/\/api.w.org\/{rel}","templated":true}]}}