{"id":400,"date":"2025-04-16T01:15:15","date_gmt":"2025-04-16T01:15:15","guid":{"rendered":"http:\/\/localhost\/mfpam\/?page_id=400"},"modified":"2025-04-16T01:15:17","modified_gmt":"2025-04-16T01:15:17","slug":"direction-des-affaires-administratives-et-financieres","status":"publish","type":"page","link":"https:\/\/mfpam.gov.mr\/?page_id=400&lang=fr","title":{"rendered":"Direction des Affaires Administratives et Financi\u00e8res"},"content":{"rendered":"\n<p>La Direction des Affaires Administratives et Financi\u00e8res est charg\u00e9e de toutes les op\u00e9rations financi\u00e8res et comptables du minist\u00e8re. Elle centralise tous les renseignements concernant les moyens financiers du Minist\u00e8re et en assure la gestion conform\u00e9ment aux r\u00e8glementations en vigueur.<\/p>\n\n\n\n<p>Elle est notamment charg\u00e9e de&nbsp;:<\/p>\n\n\n\n<ul class=\"wp-block-list\">\n<li>l\u2019\u00e9laboration du projet du budget du D\u00e9partement en collaboration avec les autres directions et services et du suivi de son ex\u00e9cution\u00a0;<\/li>\n\n\n\n<li>la centralisation des projets de budgets des \u00e9tablissements publics sous tutelle, de leur \u00e9tude et de leur transmission au Ministre charg\u00e9 des Finances apr\u00e8s approbation du Ministre de la Formation Professionnelle, de l\u2019Artisanat et des M\u00e9tiers.<\/li>\n<\/ul>\n\n\n\n<p>La Direction des Affaires Administratives et Financi\u00e8res est dirig\u00e9e par un Directeur assist\u00e9 par un Directeur adjoint.<\/p>\n\n\n\n<p>Elle comprend trois (3) services :<\/p>\n\n\n\n<ul class=\"wp-block-list\">\n<li>Service de la Pr\u00e9vision Budg\u00e9taire ;<\/li>\n\n\n\n<li>Service de la Comptabilit\u00e9 et de Gestion Financi\u00e8re ;<\/li>\n\n\n\n<li>Service du Suivi des March\u00e9s.<\/li>\n<\/ul>\n\n\n\n<p>Le <strong>Service de la Pr\u00e9vision Budg\u00e9taire<\/strong> est charg\u00e9 de la pr\u00e9paration du budget annuel, de l\u2019\u00e9valuation des besoins financiers des diff\u00e9rentes structures du D\u00e9partement et de la r\u00e9partition des allocations budg\u00e9taires.<\/p>\n\n\n\n<p>&nbsp;Il comprend deux (2) divisions&nbsp;:<\/p>\n\n\n\n<ul class=\"wp-block-list\">\n<li>Division de la pr\u00e9paration du budget annuel\u00a0;<\/li>\n\n\n\n<li>Division de l\u2019\u00e9valuation du budget.<\/li>\n<\/ul>\n\n\n\n<p>Le Service de la comptabilit\u00e9 et de la Gestion Financi\u00e8re est charg\u00e9 du suivi de l\u2019ex\u00e9cution des budgets des services centraux et d\u00e9concentr\u00e9s ainsi que de la tenue de la comptabilit\u00e9 des ressources publiques allou\u00e9es au Minist\u00e8re.<\/p>\n\n\n\n<p>Il comprend deux (2) divisions&nbsp;:<\/p>\n\n\n\n<ul class=\"wp-block-list\">\n<li>Division de la Comptabilit\u00e9\u00a0;<\/li>\n\n\n\n<li>Division du Suivi.<\/li>\n<\/ul>\n\n\n\n<p>Le Service du Suivi des March\u00e9s est charg\u00e9 du suivi des march\u00e9s programm\u00e9s avec la commission d\u00e9partementale des march\u00e9s. Il veille \u00e0 la conformit\u00e9 des prestations et march\u00e9s, aux normes et aux conditions d\u2019attribution telles que pr\u00e9vues par la r\u00e9glementation des march\u00e9s publics.<\/p>\n\n\n\n<p>Il comprend deux (2) divisions&nbsp;:<\/p>\n\n\n\n<ul class=\"wp-block-list\">\n<li>Division de la r\u00e9glementation des march\u00e9s\u00a0;<\/li>\n\n\n\n<li>Division du suivi des march\u00e9s.<\/li>\n<\/ul>\n\n\n\n<p><\/p>\n","protected":false},"excerpt":{"rendered":"<p>La Direction des Affaires Administratives et Financi\u00e8res est charg\u00e9e de toutes les op\u00e9rations financi\u00e8res et comptables du minist\u00e8re. Elle centralise tous les renseignements concernant les moyens financiers du Minist\u00e8re et en assure la gestion conform\u00e9ment aux r\u00e8glementations en vigueur. Elle est notamment charg\u00e9e de&nbsp;: l\u2019\u00e9laboration du projet du budget du D\u00e9partement en collaboration avec les &hellip;<\/p>\n","protected":false},"author":1,"featured_media":0,"parent":0,"menu_order":0,"comment_status":"closed","ping_status":"closed","template":"","meta":{"footnotes":""},"class_list":["post-400","page","type-page","status-publish","hentry"],"_links":{"self":[{"href":"https:\/\/mfpam.gov.mr\/index.php?rest_route=\/wp\/v2\/pages\/400","targetHints":{"allow":["GET"]}}],"collection":[{"href":"https:\/\/mfpam.gov.mr\/index.php?rest_route=\/wp\/v2\/pages"}],"about":[{"href":"https:\/\/mfpam.gov.mr\/index.php?rest_route=\/wp\/v2\/types\/page"}],"author":[{"embeddable":true,"href":"https:\/\/mfpam.gov.mr\/index.php?rest_route=\/wp\/v2\/users\/1"}],"replies":[{"embeddable":true,"href":"https:\/\/mfpam.gov.mr\/index.php?rest_route=%2Fwp%2Fv2%2Fcomments&post=400"}],"version-history":[{"count":2,"href":"https:\/\/mfpam.gov.mr\/index.php?rest_route=\/wp\/v2\/pages\/400\/revisions"}],"predecessor-version":[{"id":402,"href":"https:\/\/mfpam.gov.mr\/index.php?rest_route=\/wp\/v2\/pages\/400\/revisions\/402"}],"wp:attachment":[{"href":"https:\/\/mfpam.gov.mr\/index.php?rest_route=%2Fwp%2Fv2%2Fmedia&parent=400"}],"curies":[{"name":"wp","href":"https:\/\/api.w.org\/{rel}","templated":true}]}}