{"id":404,"date":"2025-04-16T01:19:20","date_gmt":"2025-04-16T01:19:20","guid":{"rendered":"http:\/\/localhost\/mfpam\/?page_id=404"},"modified":"2025-04-16T01:19:22","modified_gmt":"2025-04-16T01:19:22","slug":"direction-des-ressources-humaines","status":"publish","type":"page","link":"https:\/\/mfpam.gov.mr\/?page_id=404&lang=fr","title":{"rendered":"Direction des Ressources Humaines"},"content":{"rendered":"\n<p>La Direction des Ressources Humaines est charg\u00e9e de\u00a0:<\/p>\n\n\n\n<ul class=\"wp-block-list\">\n<li>la gestion des carri\u00e8res professionnelles du personnel enseignant, d&rsquo;encadrement et du personnel d&rsquo;appui, en coordination avec les structures concern\u00e9es ;<\/li>\n\n\n\n<li>l&rsquo;ex\u00e9cution de la politique de recrutement du personnel ;<\/li>\n\n\n\n<li>l&rsquo;\u00e9laboration des projets de mouvement des personnels au niveau national ;<\/li>\n\n\n\n<li>le suivi de pr\u00e9sence du personnel au niveau central et r\u00e9gional ;<\/li>\n\n\n\n<li>la d\u00e9finition, en collaboration avec les structures concern\u00e9es, des besoins en formation initiale et continue du personnel enseignant, d&rsquo;encadrement et de l&rsquo;administration ;<\/li>\n\n\n\n<li>l&rsquo;\u00e9laboration des plans annuels de formation du personnel enseignant ;<\/li>\n\n\n\n<li>la mise en \u0153uvre des plans de formation continue et leur suivi.<\/li>\n<\/ul>\n\n\n\n<p>La Direction des Ressources Humaines est dirig\u00e9e par un Directeur, assist\u00e9 par un Directeur Adjoint. Elle comprend trois (3) services :<\/p>\n\n\n\n<ul class=\"wp-block-list\">\n<li>Service gestion du personnel\u00a0;<\/li>\n\n\n\n<li>Service des recrutements et de la formation initiale et continue\u00a0;<\/li>\n\n\n\n<li>Service des affaires sociales.<\/li>\n<\/ul>\n\n\n\n<p> Le Service du personnel est charg\u00e9 de :<\/p>\n\n\n\n<ul class=\"wp-block-list\">\n<li>g\u00e9rer la carri\u00e8re professionnelle des fonctionnaires et agents du D\u00e9partement ;<\/li>\n\n\n\n<li>\u00e9laborer les projets de mouvement des personnels au niveau national\u00a0;<\/li>\n\n\n\n<li>assurer le suivi du personnel au niveau national et r\u00e9gional en concertation avec les structures concern\u00e9es\u00a0;<\/li>\n\n\n\n<li>proposer l\u2019ensemble des m\u00e9thodes de nature \u00e0 am\u00e9liorer la qualit\u00e9 du travail administratif.<\/li>\n<\/ul>\n\n\n\n<p>Il comprend deux (2) divisions :&nbsp;<\/p>\n\n\n\n<ul class=\"wp-block-list\">\n<li>Division du personnel ;<\/li>\n\n\n\n<li>Division Administrative.<\/li>\n<\/ul>\n\n\n\n<p>Le Service des Recrutements et de la Formation Initiale et continue est charg\u00e9 de l&rsquo;ex\u00e9cution de la politique de recrutement et de formation du personnel et d&rsquo;organiser les concours de recrutement.<\/p>\n\n\n\n<p>Il comprend deux (2) divisions&nbsp;:<\/p>\n\n\n\n<ul class=\"wp-block-list\">\n<li>Division des recrutements\u00a0;<\/li>\n\n\n\n<li>Division de la formation.<\/li>\n<\/ul>\n\n\n\n<p>Le Service des Affaires Sociales est charg\u00e9 du suivi de tous les dossiers \u00e0 caract\u00e8re social comme le dossier de l&rsquo;assurance maladie, les allocations familiales. il est \u00e9galement charg\u00e9 du suivi des dossiers m\u00e9dicaux des fonctionnaires du D\u00e9partement.<\/p>\n\n\n\n<p>Il comprend deux (2) divisions :<\/p>\n\n\n\n<ul class=\"wp-block-list\">\n<li>Division suivi des dossiers\u00a0;<\/li>\n\n\n\n<li>division suivi des allocations<\/li>\n<\/ul>\n\n\n\n<p><\/p>\n","protected":false},"excerpt":{"rendered":"<p>La Direction des Ressources Humaines est charg\u00e9e de\u00a0: la gestion des carri\u00e8res professionnelles du personnel enseignant, d&rsquo;encadrement et du personnel d&rsquo;appui, en coordination avec les structures concern\u00e9es ; l&rsquo;ex\u00e9cution de la politique de recrutement du personnel ; l&rsquo;\u00e9laboration des projets de mouvement des personnels au niveau national ; le suivi de pr\u00e9sence du personnel au &hellip;<\/p>\n","protected":false},"author":1,"featured_media":0,"parent":0,"menu_order":0,"comment_status":"closed","ping_status":"closed","template":"","meta":{"footnotes":""},"class_list":["post-404","page","type-page","status-publish","hentry"],"_links":{"self":[{"href":"https:\/\/mfpam.gov.mr\/index.php?rest_route=\/wp\/v2\/pages\/404","targetHints":{"allow":["GET"]}}],"collection":[{"href":"https:\/\/mfpam.gov.mr\/index.php?rest_route=\/wp\/v2\/pages"}],"about":[{"href":"https:\/\/mfpam.gov.mr\/index.php?rest_route=\/wp\/v2\/types\/page"}],"author":[{"embeddable":true,"href":"https:\/\/mfpam.gov.mr\/index.php?rest_route=\/wp\/v2\/users\/1"}],"replies":[{"embeddable":true,"href":"https:\/\/mfpam.gov.mr\/index.php?rest_route=%2Fwp%2Fv2%2Fcomments&post=404"}],"version-history":[{"count":2,"href":"https:\/\/mfpam.gov.mr\/index.php?rest_route=\/wp\/v2\/pages\/404\/revisions"}],"predecessor-version":[{"id":406,"href":"https:\/\/mfpam.gov.mr\/index.php?rest_route=\/wp\/v2\/pages\/404\/revisions\/406"}],"wp:attachment":[{"href":"https:\/\/mfpam.gov.mr\/index.php?rest_route=%2Fwp%2Fv2%2Fmedia&parent=404"}],"curies":[{"name":"wp","href":"https:\/\/api.w.org\/{rel}","templated":true}]}}