{"id":44,"date":"2025-04-09T00:57:17","date_gmt":"2025-04-09T00:57:17","guid":{"rendered":"http:\/\/localhost\/wordpress\/?page_id=44"},"modified":"2026-02-13T10:05:06","modified_gmt":"2026-02-13T10:05:06","slug":"le-ministre","status":"publish","type":"page","link":"https:\/\/mfpam.gov.mr\/?page_id=44&lang=fr","title":{"rendered":"Le ministre"},"content":{"rendered":"<style>.kb-image44_6c6799-44 .kb-image-has-overlay:after{opacity:0.3;}<\/style>\n<figure class=\"wp-block-kadence-image kb-image44_6c6799-44 size-full\"><img loading=\"lazy\" decoding=\"async\" width=\"300\" height=\"276\" src=\"https:\/\/mfpam.gov.mr\/wp-content\/uploads\/2026\/02\/Eyih-300x276-1-2.jpg\" alt=\"\" class=\"kb-img wp-image-894\"\/><\/figure>\n\n\n\n<p><strong>Mohamed Malainine Ould Eyih<\/strong><br>Ministre de formation professionnelle ,de l&rsquo;artisanat et des m\u00e9tiers<\/p>\n\n\n<style>.kt-tabs-id44_201862-43 > .kt-tabs-content-wrap > .wp-block-kadence-tab{border-top:3px solid #419c36;border-right:0px solid #0a6689;border-bottom:0px solid #0a6689;border-left:0px solid #0a6689;border-top-left-radius:0px;border-top-right-radius:0px;border-bottom-right-radius:0px;border-bottom-left-radius:0px;padding-top:var(--global-kb-spacing-sm, 1.5rem);padding-right:var(--global-kb-spacing-sm, 1.5rem);padding-bottom:var(--global-kb-spacing-sm, 1.5rem);padding-left:var(--global-kb-spacing-sm, 1.5rem);background:var(--global-palette9, #ffffff);}.wp-block-kadence-tabs .kt-tabs-id44_201862-43 > .kt-tabs-title-list li{margin-top:0px;margin-right:8px;margin-bottom:0px;margin-left:0px;}.wp-block-kadence-tabs .kt-tabs-id44_201862-43 > .kt-tabs-title-list li .kt-tab-title, .wp-block-kadence-tabs .kt-tabs-id44_201862-43 > .kt-tabs-content-wrap > .kt-tabs-accordion-title .kt-tab-title{line-height:1.4em;font-weight:regular;font-style:normal;border-top-width:0px;border-right-width:0px;border-bottom-width:0px;border-left-width:0px;border-top-left-radius:4px;border-top-right-radius:4px;border-bottom-right-radius:0px;border-bottom-left-radius:0px;padding-top:8px;padding-right:20px;padding-bottom:8px;padding-left:20px;border-color:var(--global-palette7, #eeeeee);color:#419c36;background:var(--global-palette7, #eeeeee);}.wp-block-kadence-tabs .kt-tabs-id44_201862-43 > .kt-tabs-content-wrap > .kt-tabs-accordion-title .kt-tab-title{margin-top:0px;margin-right:8px;margin-bottom:0px;margin-left:0px;}.wp-block-kadence-tabs .kt-tabs-id44_201862-43 > .kt-tabs-title-list li .kt-tab-title:hover, .wp-block-kadence-tabs .kt-tabs-id44_201862-43 > .kt-tabs-content-wrap > .kt-tabs-accordion-title .kt-tab-title:hover{border-color:var(--global-palette7, #eeeeee);color:var(--global-palette3, #1A202C);background:var(--global-palette8, #F7FAFC);}.wp-block-kadence-tabs .kt-tabs-id44_201862-43 > .kt-tabs-title-list li.kt-tab-title-active .kt-tab-title, .wp-block-kadence-tabs .kt-tabs-id44_201862-43 > .kt-tabs-content-wrap > .kt-tabs-accordion-title.kt-tab-title-active .kt-tab-title{border-color:var(--global-palette7, #eeeeee);color:#ffffff;background:#419c36;}@media all and (min-width: 1025px){.wp-block-kadence-tabs .kt-tabs-id44_201862-43{display:flex;}.wp-block-kadence-tabs .kt-tabs-id44_201862-43 > .kt-tabs-title-list{float:none;width:30%;}.wp-block-kadence-tabs .kt-tabs-id44_201862-43 > .kt-tabs-content-wrap{float:none;width:auto;-webkit-flex:1;flex:1;}}@media all and (max-width: 1024px){.kt-tabs-id44_201862-43 > .kt-tabs-content-wrap > .wp-block-kadence-tab{border-top:3px solid #419c36;border-right:0px solid #0a6689;border-bottom:0px solid #0a6689;border-left:0px solid #0a6689;}}@media all and (min-width: 768px) and (max-width: 1024px){.wp-block-kadence-tabs .kt-tabs-id44_201862-43{display:flex;}.wp-block-kadence-tabs .kt-tabs-id44_201862-43 > .kt-tabs-title-list{float:none;width:30%;}.wp-block-kadence-tabs .kt-tabs-id44_201862-43 > .kt-tabs-content-wrap{float:none;width:auto;-webkit-flex:1;flex:1;}}@media all and (max-width: 767px){.kt-tabs-id44_201862-43 > .kt-tabs-content-wrap > .wp-block-kadence-tab{border-top:3px solid #419c36;border-right:0px solid #0a6689;border-bottom:0px solid #0a6689;border-left:0px solid #0a6689;}.wp-block-kadence-tabs .kt-tabs-id44_201862-43{display:flex;}.wp-block-kadence-tabs .kt-tabs-id44_201862-43 > .kt-tabs-title-list{float:none;width:30%;}.wp-block-kadence-tabs .kt-tabs-id44_201862-43 > .kt-tabs-content-wrap{float:none;width:auto;-webkit-flex:1;flex:1;}}<\/style>\n<div class=\"wp-block-kadence-tabs alignnone\"><div class=\"kt-tabs-wrap kt-tabs-id44_201862-43 kt-tabs-has-4-tabs kt-active-tab-1 kt-tabs-layout-vtabs kt-tabs-tablet-layout-inherit kt-tabs-mobile-layout-inherit kt-tab-alignment-left \"><ul class=\"kt-tabs-title-list\"><li id=\"tab-brveprsentationduministre\" class=\"kt-title-item kt-title-item-1 kt-tabs-svg-show-always kt-tabs-icon-side-right kt-tab-title-active\"><a href=\"#tab-brveprsentationduministre\" data-tab=\"1\" class=\"kt-tab-title kt-tab-title-1 \"><span class=\"kt-title-text\">Br\u00e8ve pr\u00e9sentation du ministre<\/span><\/a><\/li><li id=\"tab-postesoccups\" class=\"kt-title-item kt-title-item-2 kt-tabs-svg-show-always kt-tabs-icon-side-right kt-tab-title-inactive\"><a href=\"#tab-postesoccups\" data-tab=\"2\" class=\"kt-tab-title kt-tab-title-2 \"><span class=\"kt-title-text\">Postes Occup\u00e9s<\/span><\/a><\/li><li id=\"tab-qualificationsacadmiques\" class=\"kt-title-item kt-title-item-3 kt-tabs-svg-show-always kt-tabs-icon-side-right kt-tab-title-inactive\"><a href=\"#tab-qualificationsacadmiques\" data-tab=\"3\" class=\"kt-tab-title kt-tab-title-3 \"><span class=\"kt-title-text\">Qualifications acad\u00e9miques<\/span><\/a><\/li><li id=\"tab-comptenceslinguistiques\" class=\"kt-title-item kt-title-item-4 kt-tabs-svg-show-always kt-tabs-icon-side-right kt-tab-title-inactive\"><a href=\"#tab-comptenceslinguistiques\" data-tab=\"4\" class=\"kt-tab-title kt-tab-title-4 \"><span class=\"kt-title-text\">Comp\u00e9tences linguistiques<\/span><\/a><\/li><\/ul><div class=\"kt-tabs-content-wrap\">\n<div class=\"wp-block-kadence-tab kt-tab-inner-content kt-inner-tab-1 kt-inner-tab69d79f-8e\"><div class=\"kt-tab-inner-content-inner\"><style>.wp-block-kadence-advancedheading.kt-adv-heading44_6c61f2-e5, .wp-block-kadence-advancedheading.kt-adv-heading44_6c61f2-e5[data-kb-block=\"kb-adv-heading44_6c61f2-e5\"]{font-style:normal;}.wp-block-kadence-advancedheading.kt-adv-heading44_6c61f2-e5 mark.kt-highlight, .wp-block-kadence-advancedheading.kt-adv-heading44_6c61f2-e5[data-kb-block=\"kb-adv-heading44_6c61f2-e5\"] mark.kt-highlight{font-style:normal;color:#f76a0c;-webkit-box-decoration-break:clone;box-decoration-break:clone;padding-top:0px;padding-right:0px;padding-bottom:0px;padding-left:0px;}<\/style>\n<p class=\"kt-adv-heading44_6c61f2-e5 wp-block-kadence-advancedheading\" data-kb-block=\"kb-adv-heading44_6c61f2-e5\"><strong>Nom et pr\u00e9nom:<\/strong>&nbsp;Mohamed Malainine Ould Eyih<br>\u2013 N\u00e9 le 15 d\u00e9cembre 1968 \u00e0 Atar\/Mauritanie<br>\u2013<strong>&nbsp;Situation familiale:<\/strong>&nbsp;Mari\u00e9 et p\u00e8re de cinq enfants.<\/p>\n<\/div><\/div>\n\n\n\n<div class=\"wp-block-kadence-tab kt-tab-inner-content kt-inner-tab-2 kt-inner-tab3e64c3-54\"><div class=\"kt-tab-inner-content-inner\"><style>.wp-block-kadence-advancedheading.kt-adv-heading44_f4409f-0c, .wp-block-kadence-advancedheading.kt-adv-heading44_f4409f-0c[data-kb-block=\"kb-adv-heading44_f4409f-0c\"]{font-style:normal;}.wp-block-kadence-advancedheading.kt-adv-heading44_f4409f-0c mark.kt-highlight, .wp-block-kadence-advancedheading.kt-adv-heading44_f4409f-0c[data-kb-block=\"kb-adv-heading44_f4409f-0c\"] mark.kt-highlight{font-style:normal;color:#f76a0c;-webkit-box-decoration-break:clone;box-decoration-break:clone;padding-top:0px;padding-right:0px;padding-bottom:0px;padding-left:0px;}<\/style>\n<p class=\"kt-adv-heading44_f4409f-0c wp-block-kadence-advancedheading\" data-kb-block=\"kb-adv-heading44_f4409f-0c\">\u2013 06 Aout 2024 nomm\u00e9 Ministre de la formation professionnelle, de l\u2019artisanat et des m\u00e9tiers.<br>\u2013 Pr\u00e9sident du parti INSAF depuis le 03 juillet 2022.<br>\u2013 Du 31 mars 2022 au 06 septembre 2022&nbsp;: Ministre de l\u2019Education Nationale et de la R\u00e9forme du Syst\u00e8me Educatif et Porte-parole du Gouvernement.<br>\u2013 Du 26 mai 2021 au 31 mars 2022&nbsp;: Ministre de l\u2019\u00e9ducation nationale et de la r\u00e9forme du syst\u00e8me \u00e9ducatif.<br>\u2013 Du 09 ao\u00fbt 2020 au 26 mai 2021&nbsp;: ministre de l\u2019Education nationale, de la formation technique et de la r\u00e9forme du syst\u00e8me \u00e9ducatif.<br>\u2013 08 ao\u00fbt 2019 au 09 ao\u00fbt 2020&nbsp;: Ministre de l\u2019enseignement secondaire et de la formation technique et professionnelle.<br>\u2013 Ao\u00fbt 2015 \u00e0 ao\u00fbt 2019 : Coordinateur du projet SWEDD pour l\u2019autonomisation des femmes et le dividende d\u00e9mographique au Sahel (financ\u00e9 par la Banque mondiale).<br>\u2013 Juillet 2002 \u00e0 ao\u00fbt 2015 : Directeur de l\u2019Institut national pour la promotion de la formation technique et professionnelle (INAP-FTP)<br>\u2013 D\u2019octobre 1997 \u00e0 juillet 2002 : Coordinateur du Centre de Ressources et de Suivi de l\u2019Enseignement Technique et de la Formation Professionnelle (CRES).<br>Octobre 1995 \u00e0 octobre 1997 : Expert\/Consultant en ing\u00e9nierie de formation au CRES.<br>\u2013 De septembre 1990 \u00e0 octobre 1995 : Professeur d\u2019enseignement technique au lyc\u00e9e technique de Nouakchott.<br>* R\u00e9cipiendaire de la M\u00e9daille de la reconnaissance nationale.<\/p>\n<\/div><\/div>\n\n\n\n<div class=\"wp-block-kadence-tab kt-tab-inner-content kt-inner-tab-3 kt-inner-tabd04f4b-8a\"><div class=\"kt-tab-inner-content-inner\"><style>.wp-block-kadence-advancedheading.kt-adv-heading44_fa6df0-f6, .wp-block-kadence-advancedheading.kt-adv-heading44_fa6df0-f6[data-kb-block=\"kb-adv-heading44_fa6df0-f6\"]{font-style:normal;}.wp-block-kadence-advancedheading.kt-adv-heading44_fa6df0-f6 mark.kt-highlight, .wp-block-kadence-advancedheading.kt-adv-heading44_fa6df0-f6[data-kb-block=\"kb-adv-heading44_fa6df0-f6\"] mark.kt-highlight{font-style:normal;color:#f76a0c;-webkit-box-decoration-break:clone;box-decoration-break:clone;padding-top:0px;padding-right:0px;padding-bottom:0px;padding-left:0px;}<\/style>\n<p class=\"kt-adv-heading44_fa6df0-f6 wp-block-kadence-advancedheading\" data-kb-block=\"kb-adv-heading44_fa6df0-f6\">\u2013 Master en sciences \u00e9conomiques avec une sp\u00e9cialisation en : Ing\u00e9nierie de la formation et syst\u00e8mes d\u2019exploitation (Universit\u00e9 des sciences sociales, Toulouse 1 \u2013 France).<br>\u2013 Ma\u00eetrise en enseignement technique \/ Centre sup\u00e9rieur de l\u2019enseignement technique et ENNA Paris Nord.<\/p>\n<\/div><\/div>\n\n\n\n<div class=\"wp-block-kadence-tab kt-tab-inner-content kt-inner-tab-4 kt-inner-tab5bd469-bb\"><div class=\"kt-tab-inner-content-inner\"><style>.wp-block-kadence-advancedheading.kt-adv-heading44_5bc4a4-ce, .wp-block-kadence-advancedheading.kt-adv-heading44_5bc4a4-ce[data-kb-block=\"kb-adv-heading44_5bc4a4-ce\"]{font-style:normal;}.wp-block-kadence-advancedheading.kt-adv-heading44_5bc4a4-ce mark.kt-highlight, .wp-block-kadence-advancedheading.kt-adv-heading44_5bc4a4-ce[data-kb-block=\"kb-adv-heading44_5bc4a4-ce\"] mark.kt-highlight{font-style:normal;color:#f76a0c;-webkit-box-decoration-break:clone;box-decoration-break:clone;padding-top:0px;padding-right:0px;padding-bottom:0px;padding-left:0px;}<\/style>\n<p class=\"kt-adv-heading44_5bc4a4-ce wp-block-kadence-advancedheading\" data-kb-block=\"kb-adv-heading44_5bc4a4-ce\">Arabe \u2013 Fran\u00e7ais.<\/p>\n<\/div><\/div>\n<\/div><\/div><\/div>\n\n\n\n<p><\/p>\n","protected":false},"excerpt":{"rendered":"<p>Mohamed Malainine Ould EyihMinistre de formation professionnelle ,de l&rsquo;artisanat et des m\u00e9tiers Br\u00e8ve pr\u00e9sentation du ministrePostes Occup\u00e9sQualifications acad\u00e9miquesComp\u00e9tences linguistiques Nom et pr\u00e9nom:&nbsp;Mohamed Malainine Ould Eyih\u2013 N\u00e9 le 15 d\u00e9cembre 1968 \u00e0 Atar\/Mauritanie\u2013&nbsp;Situation familiale:&nbsp;Mari\u00e9 et p\u00e8re de cinq enfants. \u2013 06 Aout 2024 nomm\u00e9 Ministre de la formation professionnelle, de l\u2019artisanat et des m\u00e9tiers.\u2013 Pr\u00e9sident du &hellip;<\/p>\n","protected":false},"author":1,"featured_media":0,"parent":0,"menu_order":0,"comment_status":"closed","ping_status":"closed","template":"","meta":{"footnotes":""},"class_list":["post-44","page","type-page","status-publish","hentry"],"_links":{"self":[{"href":"https:\/\/mfpam.gov.mr\/index.php?rest_route=\/wp\/v2\/pages\/44","targetHints":{"allow":["GET"]}}],"collection":[{"href":"https:\/\/mfpam.gov.mr\/index.php?rest_route=\/wp\/v2\/pages"}],"about":[{"href":"https:\/\/mfpam.gov.mr\/index.php?rest_route=\/wp\/v2\/types\/page"}],"author":[{"embeddable":true,"href":"https:\/\/mfpam.gov.mr\/index.php?rest_route=\/wp\/v2\/users\/1"}],"replies":[{"embeddable":true,"href":"https:\/\/mfpam.gov.mr\/index.php?rest_route=%2Fwp%2Fv2%2Fcomments&post=44"}],"version-history":[{"count":16,"href":"https:\/\/mfpam.gov.mr\/index.php?rest_route=\/wp\/v2\/pages\/44\/revisions"}],"predecessor-version":[{"id":895,"href":"https:\/\/mfpam.gov.mr\/index.php?rest_route=\/wp\/v2\/pages\/44\/revisions\/895"}],"wp:attachment":[{"href":"https:\/\/mfpam.gov.mr\/index.php?rest_route=%2Fwp%2Fv2%2Fmedia&parent=44"}],"curies":[{"name":"wp","href":"https:\/\/api.w.org\/{rel}","templated":true}]}}