{"id":46,"date":"2025-04-09T00:57:40","date_gmt":"2025-04-09T00:57:40","guid":{"rendered":"http:\/\/localhost\/wordpress\/?page_id=46"},"modified":"2025-04-17T14:44:09","modified_gmt":"2025-04-17T14:44:09","slug":"missions","status":"publish","type":"page","link":"https:\/\/mfpam.gov.mr\/?page_id=46&lang=fr","title":{"rendered":"Missions"},"content":{"rendered":"\n<p>Le Ministre de la Formation Professionnelle, de l\u2019Artisanat et des M\u00e9tiers \u00e9labore et met en \u0153uvre la politique g\u00e9n\u00e9rale du Gouvernement en mati\u00e8re de Formation Professionnelle, d\u2019Artisanat, des M\u00e9tiers et de promotion de l\u2019\u00c9conomie Sociale et Solidaire en lien avec ces secteurs. <\/p>\n\n\n\n<p>Il assure, dans la limite de ses attributions, le contr\u00f4le de la Formation Professionnelle priv\u00e9e. Dans ce cadre, il est charg\u00e9 notamment de :<\/p>\n\n\n\n<ul class=\"wp-block-list\">\n<li>concevoir et mettre en \u0153uvre les strat\u00e9gies, projets et programmes de d\u00e9veloppement de la formation technique et professionnelle, de promotion et de redynamisation des secteurs de l&rsquo;Artisanat et des M\u00e9tiers et de promotion des approches d\u2019\u00e9conomie sociale et solidaire\u00a0;<\/li>\n\n\n\n<li>fixer les programmes de formation, les modalit\u00e9s de certification, les conditions d\u2019ouverture et d\u2019acc\u00e8s aux \u00c9tablissements de Formation publics et priv\u00e9s relevant de sa comp\u00e9tence ;<\/li>\n\n\n\n<li>organiser et superviser les examens et concours nationaux relevant de sa comp\u00e9tence ;<\/li>\n\n\n\n<li>proc\u00e9der aux analyses visant l\u2019am\u00e9lioration de la pertinence et de la qualit\u00e9 du syst\u00e8me de la Formation Technique et Professionnelle et l\u2019initiation des reformes appropri\u00e9es\u00a0;<\/li>\n\n\n\n<li>d\u00e9velopper une offre de formation professionnelle r\u00e9pondant aux besoins des populations pour favoriser leur insertion dans la vie active et am\u00e9liorer l\u2019employabilit\u00e9 des travailleurs\u00a0;<\/li>\n\n\n\n<li>veiller \u00e0 l\u2019adaptation et \u00e0 l\u2019application du cadre l\u00e9gislatif et r\u00e9glementaire r\u00e9gissant la formation Technique et professionnelle, dans les secteurs publics et priv\u00e9s, aux mutations sociales et culturelles\u00a0;<\/li>\n\n\n\n<li>veiller \u00e0 l\u2019organisation des secteurs de l\u2019artisanat et des m\u00e9tiers et assurer le partenariat entre lesdits secteurs et l\u2019\u00c9tat\u00a0;<\/li>\n\n\n\n<li>veiller \u00e0 la promotion, la pr\u00e9servation et la valorisation du patrimoine artisanal ;<\/li>\n<\/ul>\n\n\n\n<ul class=\"wp-block-list\">\n<li>appuyer la comp\u00e9titivit\u00e9\u0301 et le d\u00e9veloppement des micros, Petites et Moyennes Entreprises des secteurs de l\u2019Artisanat et des M\u00e9tiers par, entre autres, la qualification de la main d\u2019ouvre, le respect des normes et de la qualit\u00e9\u0301 , la promotion des produits et l\u2019acc\u00e8s aux ressources de financement\u00a0;<\/li>\n\n\n\n<li>promouvoir l\u2019esprit de l&rsquo;entreprenariat et I \u2019innovation dans le but de contribuer \u00e0 la modernisation, la professionnalisation et la formalisation des micros, petites et moyennes entreprises du secteur informel\u00a0et artisanal ;<\/li>\n\n\n\n<li>concevoir et mettre en \u0153uvre les approches favorables \u00e0 la cr\u00e9ation et \u00e0 la promotion d\u2019entreprises d\u2019\u00c9conomie Sociale et Solidaire, ax\u00e9es sur la structuration des chaines de valeurs des secteurs productifs, notamment pour r\u00e9pondre aux besoins des diff\u00e9rents pans du tissus associatif\u00a0et des couches d\u00e9favoris\u00e9es des populations\u00a0;<\/li>\n\n\n\n<li>coordonner avec les Ministres concern\u00e9s les activit\u00e9s li\u00e9es aux domaines de Formation Technique et Professionnelle dont ils ont la charge, ainsi que celles li\u00e9es \u00e0 l\u2019artisanat et aux m\u00e9tiers\u00a0;<\/li>\n\n\n\n<li>orienter et impulser l&rsquo;action des \u00e9tablissements de l&rsquo;artisanat et celle des associations et unions agissant dans les domaines de l&rsquo;artisanat et des m\u00e9tiers ;<\/li>\n\n\n\n<li>concevoir et harmoniser la r\u00e9glementation g\u00e9n\u00e9rale dans les domaines de la formation Technique et professionnelle, de l\u2019Artisanat et des M\u00e9tiers.<\/li>\n<\/ul>\n\n\n\n<p>Le Ministre de la Formation Professionnelle, de l\u2019Artisanat et des M\u00e9tiers repr\u00e9sente l\u2019\u00c9tat aupr\u00e8s des institutions sous r\u00e9gionales, r\u00e9gionales et internationales sp\u00e9cialis\u00e9es dans ses domaines de comp\u00e9tence.<\/p>\n\n\n\n<p><\/p>\n","protected":false},"excerpt":{"rendered":"<p>Le Ministre de la Formation Professionnelle, de l\u2019Artisanat et des M\u00e9tiers \u00e9labore et met en \u0153uvre la politique g\u00e9n\u00e9rale du Gouvernement en mati\u00e8re de Formation Professionnelle, d\u2019Artisanat, des M\u00e9tiers et de promotion de l\u2019\u00c9conomie Sociale et Solidaire en lien avec ces secteurs. Il assure, dans la limite de ses attributions, le contr\u00f4le de la Formation &hellip;<\/p>\n","protected":false},"author":1,"featured_media":0,"parent":0,"menu_order":0,"comment_status":"closed","ping_status":"closed","template":"","meta":{"footnotes":""},"class_list":["post-46","page","type-page","status-publish","hentry"],"_links":{"self":[{"href":"https:\/\/mfpam.gov.mr\/index.php?rest_route=\/wp\/v2\/pages\/46","targetHints":{"allow":["GET"]}}],"collection":[{"href":"https:\/\/mfpam.gov.mr\/index.php?rest_route=\/wp\/v2\/pages"}],"about":[{"href":"https:\/\/mfpam.gov.mr\/index.php?rest_route=\/wp\/v2\/types\/page"}],"author":[{"embeddable":true,"href":"https:\/\/mfpam.gov.mr\/index.php?rest_route=\/wp\/v2\/users\/1"}],"replies":[{"embeddable":true,"href":"https:\/\/mfpam.gov.mr\/index.php?rest_route=%2Fwp%2Fv2%2Fcomments&post=46"}],"version-history":[{"count":2,"href":"https:\/\/mfpam.gov.mr\/index.php?rest_route=\/wp\/v2\/pages\/46\/revisions"}],"predecessor-version":[{"id":453,"href":"https:\/\/mfpam.gov.mr\/index.php?rest_route=\/wp\/v2\/pages\/46\/revisions\/453"}],"wp:attachment":[{"href":"https:\/\/mfpam.gov.mr\/index.php?rest_route=%2Fwp%2Fv2%2Fmedia&parent=46"}],"curies":[{"name":"wp","href":"https:\/\/api.w.org\/{rel}","templated":true}]}}