{"id":48,"date":"2025-04-09T00:58:11","date_gmt":"2025-04-09T00:58:11","guid":{"rendered":"http:\/\/localhost\/wordpress\/?page_id=48"},"modified":"2025-05-20T17:05:32","modified_gmt":"2025-05-20T17:05:32","slug":"organigramme","status":"publish","type":"page","link":"https:\/\/mfpam.gov.mr\/?page_id=48&lang=fr","title":{"rendered":"Organigramme"},"content":{"rendered":"\n<div class=\"wp-block-file\"><a id=\"wp-block-file--media-2b89b0e0-ffa8-486d-95af-80d4fbabb95d\" href=\"http:\/\/mfpam.gov.mr\/wp-content\/uploads\/2025\/04\/Decret-175-2024-portant-org-du-MFPAM-F-2.pdf\" target=\"_blank\" rel=\"noreferrer noopener\">D\u00e9cret 175-2024 portant org du MFPAM F<\/a><a href=\"http:\/\/mfpam.gov.mr\/wp-content\/uploads\/2025\/04\/Decret-175-2024-portant-org-du-MFPAM-F-2.pdf\" class=\"wp-block-file__button wp-element-button\" download aria-describedby=\"wp-block-file--media-2b89b0e0-ffa8-486d-95af-80d4fbabb95d\">T\u00e9l\u00e9charger<\/a><\/div>\n\n\n\n<p><\/p>\n","protected":false},"excerpt":{"rendered":"<p>D\u00e9cret 175-2024 portant org du MFPAM FT\u00e9l\u00e9charger<\/p>\n","protected":false},"author":1,"featured_media":0,"parent":0,"menu_order":0,"comment_status":"closed","ping_status":"closed","template":"","meta":{"footnotes":""},"class_list":["post-48","page","type-page","status-publish","hentry"],"_links":{"self":[{"href":"https:\/\/mfpam.gov.mr\/index.php?rest_route=\/wp\/v2\/pages\/48","targetHints":{"allow":["GET"]}}],"collection":[{"href":"https:\/\/mfpam.gov.mr\/index.php?rest_route=\/wp\/v2\/pages"}],"about":[{"href":"https:\/\/mfpam.gov.mr\/index.php?rest_route=\/wp\/v2\/types\/page"}],"author":[{"embeddable":true,"href":"https:\/\/mfpam.gov.mr\/index.php?rest_route=\/wp\/v2\/users\/1"}],"replies":[{"embeddable":true,"href":"https:\/\/mfpam.gov.mr\/index.php?rest_route=%2Fwp%2Fv2%2Fcomments&post=48"}],"version-history":[{"count":8,"href":"https:\/\/mfpam.gov.mr\/index.php?rest_route=\/wp\/v2\/pages\/48\/revisions"}],"predecessor-version":[{"id":658,"href":"https:\/\/mfpam.gov.mr\/index.php?rest_route=\/wp\/v2\/pages\/48\/revisions\/658"}],"wp:attachment":[{"href":"https:\/\/mfpam.gov.mr\/index.php?rest_route=%2Fwp%2Fv2%2Fmedia&parent=48"}],"curies":[{"name":"wp","href":"https:\/\/api.w.org\/{rel}","templated":true}]}}