{"id":529,"date":"2025-04-24T01:43:40","date_gmt":"2025-04-24T01:43:40","guid":{"rendered":"https:\/\/mfpam.gov.mr\/?page_id=529"},"modified":"2025-04-29T11:46:23","modified_gmt":"2025-04-29T11:46:23","slug":"linstitut-national-de-promotion-de-la-formation-technique-et-professionnelle-inap-ftp","status":"publish","type":"page","link":"https:\/\/mfpam.gov.mr\/?page_id=529&lang=fr","title":{"rendered":"L\u2019Institut National de Promotion de la Formation Technique et Professionnelle (INAP-FTP)"},"content":{"rendered":"\n<figure class=\"wp-block-image size-large\"><img loading=\"lazy\" decoding=\"async\" width=\"1024\" height=\"757\" src=\"http:\/\/mfpam.gov.mr\/wp-content\/uploads\/2025\/04\/WhatsApp-Image-2025-04-23-at-21.32.51-1-1024x757.jpeg\" alt=\"\" class=\"wp-image-540\" srcset=\"https:\/\/mfpam.gov.mr\/wp-content\/uploads\/2025\/04\/WhatsApp-Image-2025-04-23-at-21.32.51-1-1024x757.jpeg 1024w, https:\/\/mfpam.gov.mr\/wp-content\/uploads\/2025\/04\/WhatsApp-Image-2025-04-23-at-21.32.51-1-300x222.jpeg 300w, https:\/\/mfpam.gov.mr\/wp-content\/uploads\/2025\/04\/WhatsApp-Image-2025-04-23-at-21.32.51-1-768x567.jpeg 768w, https:\/\/mfpam.gov.mr\/wp-content\/uploads\/2025\/04\/WhatsApp-Image-2025-04-23-at-21.32.51-1.jpeg 1049w\" sizes=\"auto, (max-width: 1024px) 100vw, 1024px\" \/><\/figure>\n\n\n\n<p>L\u2019Institut National de Promotion de la Formation Technique et Professionnelle (INAP-FTP) est un Etablissement Public \u00e0 caract\u00e8re Administratif, cr\u00e9e par d\u00e9cret n\u00b0 053\/02 du 16 juin 2002 modifi\u00e9 et compl\u00e9t\u00e9 par le d\u00e9cret n\u00b02019-037 du 01 mars 2019. C\u2019est une structure de conseil et d\u2019aide \u00e0 la d\u00e9cision ayant pour missions d\u2019\u0153uvrer \u00e0 rapprocher la demande et l\u2019offre de formation.<\/p>\n\n\n\n<p>L&rsquo;INAP-FTP a pour mission d&rsquo;\u0153uvrer \u00e0 rapprocher l&rsquo;offre et la demande de formation technique et professionnelle et de soutenir la Formation Technique et Professionnelle. Dans ce cadre, il assure notamment :<\/p>\n\n\n\n<ul class=\"wp-block-list\">\n<li>l&rsquo;\u00e9tude et la recherche sur l&rsquo;\u00e9volution des emplois et des qualifications ;<ul><li>l&rsquo;analyse des besoins en formation ;<\/li><\/ul><ul><li>l&rsquo;\u00e9laboration d es r\u00e9f\u00e9rentiels et programmes de formation ;<\/li><\/ul><ul><li>la conception et la production des outils didactiques et p\u00e9dagogiques ;<\/li><\/ul><ul><li>l&rsquo;analyse des besoins en formation continue des formateurs et des personnels d&rsquo;encadrement ;<\/li><\/ul><ul><li>le conseil en orientation, l&rsquo;information et la documentation sur les formations et les m\u00e9tiers ;<\/li><\/ul><ul><li>la promotion de la formation continue et de I \u2018apprentissage ;<\/li><\/ul>\n<ul class=\"wp-block-list\">\n<li>le suivi des sortants du syst\u00e8me de la formation technique et professionnelle.<\/li>\n<\/ul>\n<\/li>\n<\/ul>\n\n\n\n<p>L\u2019INAP-FTP est \u00e9galement charg\u00e9 de jouer un r\u00f4le d&rsquo;interface dynamique entre le Syst\u00e8me de formation technique et professionnelle et le march\u00e9 du travail. A ce titre, il est charg\u00e9 de :<\/p>\n\n\n\n<ul class=\"wp-block-list\">\n<li>assurer les activit\u00e9s d&rsquo;ing\u00e9nierie, d&rsquo;assistance technique, de financement et de suivi \u00e9valuation des contrats programmes et de performance des \u00e9tablissements publics de formation technique et professionnelle ax\u00e9s sur I \u2018am\u00e9lioration de la qualit\u00e9 de la formation initiale et le d\u00e9veloppement des modes de formation par apprentissage et par alternance;\n<ul class=\"wp-block-list\">\n<li>assurer les activit\u00e9s d&rsquo;ing\u00e9nierie, de financement et de suivi-\u00e9valuation de la formation continue, la formation qualifiante, etc.<\/li>\n<\/ul>\n<\/li>\n<\/ul>\n\n\n\n<p>Depuis d\u00e9cembre 2017, le d\u00e9partement a d\u00e9cid\u00e9 le transfert des comp\u00e9tences de suivi p\u00e9dagogique dans<\/p>\n\n\n\n<p>les \u00e9tablissements de la formation technique et professionnelle \u00e0 l\u2019INAP-FTP.<\/p>\n\n\n\n<p>L\u2019INAP-FTP assurait, en outre, la gestion du Fonds Autonome de Promotion de la Formation Technique et Professionnelle (FAP-FTP) pr\u00e9vu \u00e0 l\u2019article 28 de la loi N\u00b0 98\/007 du 20 janvier, modifi\u00e9 par l\u2019article 88 de la loi 2018-038 du 22 aout 2018 relative \u00e0 la Formation Technique et Professionnelle , abrog\u00e9 par le d\u00e9cret N\u00b0036-2019 du 28 f\u00e9vrier2019 portant cr\u00e9ation d\u2019un Compte d\u2019Affectation Sp\u00e9ciale d\u00e9nomm\u00e9 \u00ab Fonds pour la Formation Technique et Professionnelle \u00bb (2FTP).<\/p>\n\n\n\n<p>Conform\u00e9ment \u00e0 l\u2019article 13 du d\u00e9cret 037-2019 du 01 mars 2019 modifiant et compl\u00e9tant certaines dispositions du d\u00e9cret 053-2002 du 16 juin 2002 portant cr\u00e9ation de l\u2019INAP-FTP, la gestion du 2FTP est confi\u00e9e \u00e0 l\u2019INAP-FTP.<\/p>\n\n\n\n<h1 class=\"wp-block-heading\">1.2.&nbsp; Pr\u00e9sentation du 2FTP<\/h1>\n\n\n\n<p>Le 2FTP est un m\u00e9canisme qui contribue au pilotage de la FTP par la demande et qui a pour objet principal d\u2019inciter les entreprises mauritaniennes \u00e0 participer au d\u00e9veloppement des modes de formation technique et professionnelle r\u00e9pondant \u00e0 leurs besoins en qualification \u00e0 travers un concours financier partiel. Les financements du 2FTP sont accord\u00e9s par un comit\u00e9 paritaire Etat -priv\u00e9 appel\u00e9 Comit\u00e9 d\u2019Attribution des Financements (CAF).<\/p>\n\n\n\n<p>Le manuel des proc\u00e9dures du 2FTP et son Comit\u00e9 d\u2019Attribution des Financements sont fix\u00e9s par des arr\u00eat\u00e9s conjoints du Minist\u00e8re de l\u2019Enseignement Secondaire et de la Formation Technique et Professionnelle et du Minist\u00e8re des Finances.<\/p>\n\n\n\n<p>Les champs d\u2019application du 2FTP sont :<\/p>\n\n\n\n<ul class=\"wp-block-list\">\n<li>la formation en cours d\u2019emploi ;<\/li>\n\n\n\n<li>la formation en alternance ;<\/li>\n\n\n\n<li>la formation en apprentissage ;<\/li>\n\n\n\n<li>la formation \u00e0 l\u2019auto emploi ;<\/li>\n\n\n\n<li>la formation qualifiante ;<\/li>\n\n\n\n<li>les contrats programmes et de performance.<\/li>\n<\/ul>\n\n\n\n<p>Les b\u00e9n\u00e9ficiaires du 2FTP sont :<\/p>\n\n\n\n<ul class=\"wp-block-list\">\n<li>les entreprises individuelles ;<\/li>\n\n\n\n<li>les groupements d\u2019entreprises constitu\u00e9s pour la r\u00e9alisation d\u2019actions de formation ;<\/li>\n\n\n\n<li>la Conf\u00e9d\u00e9ration Nationale du Patronat Mauritaniens et les organisations professionnelles sectorielles ;<\/li>\n\n\n\n<li>les \u00e9tablissements de formation techniques et professionnelle publics et priv\u00e9s associ\u00e9s \u00e0 un ou plusieurs b\u00e9n\u00e9ficiaires parmi ceux ci-dessus cit\u00e9s et mettant en \u0153uvre des actions compatibles avec l\u2019objet du 2FTP ;<\/li>\n\n\n\n<li>les \u00e9tablissements \u00e9ligibles aux contrats programmes et de performance.<\/li>\n<\/ul>\n\n\n\n<p>Les crit\u00e8res d\u2019\u00e9ligibilit\u00e9 aux financements du 2FTP et les contenus des requ\u00eates sont d\u00e9finis au manuel des proc\u00e9dures.<\/p>\n\n\n\n<h1 class=\"wp-block-heading\">1.3.&nbsp; Structure de l\u2019INAP-FTP<\/h1>\n\n\n\n<p>Outre les postes de Directeur, de Directeur Adjoint, de Conseiller Technique et les services de la comptabilit\u00e9 et du secr\u00e9tariat, L\u2019INAP-FTP est structur\u00e9 par d\u00e9partement ainsi qu\u2019il suit :<\/p>\n\n\n\n<ul class=\"wp-block-list\">\n<li>D\u00e9partement de l\u2019Ing\u00e9nierie de Formation (DIF), charg\u00e9 de l\u2019\u00e9tude des besoins en qualification du march\u00e9 de l\u2019emploi et la promotion des nouveaux modes de formation ;<ul><li>D\u00e9partement de l\u2019Ing\u00e9nierie P\u00e9dagogique (DIP), charg\u00e9 de l\u2019appui p\u00e9dagogique aux structures de formation et de l\u2019\u00e9laboration des programmes de formation et des outils didactiques et p\u00e9dagogiques ;<\/li><\/ul><ul><li>D\u00e9partement des Normes et de la Qualit\u00e9 (DNQ) charg\u00e9 de l\u2019introduction d\u2019une d\u00e9marche qualit\u00e9 dans le dispositif et de veiller \u00e0 l\u2019harmonie de la certification des formations ;<\/li><\/ul><ul><li>D\u00e9partement du Suivi et de l\u2019Evaluation (DSE) charg\u00e9 du suivi des indicateurs de performance du syst\u00e8me, de l\u2019\u00e9valuation des activit\u00e9s de formation et de la mise en place d\u2019un syst\u00e8me permanent de suivi des form\u00e9s ;<\/li><\/ul>\n<ul class=\"wp-block-list\">\n<li>D\u00e9partement des M\u00e9canismes de Financement (DMF), charg\u00e9 du secr\u00e9tariat du FAP-FTP, de l\u2019instruction des requ\u00eates de financement et du d\u00e9veloppement des m\u00e9canismes de financement du syst\u00e8me.<\/li>\n<\/ul>\n<\/li>\n<\/ul>\n\n\n\n<h1 class=\"wp-block-heading\">1.4.&nbsp; Ressources humaines et mat\u00e9rielles<\/h1>\n\n\n\n<p>Le personnel de l\u2019institut est constitu\u00e9 de 42 employ\u00e9s dont :<\/p>\n\n\n\n<ul class=\"wp-block-list\">\n<li>17 cadres ayant, dans leur majorit\u00e9, le statut de fonctionnaire de l\u2019Etat et des profils d\u2019inspecteurs p\u00e9dagogiques de l\u2019enseignement technique et de sp\u00e9cialistes en formation ;<\/li>\n<\/ul>\n\n\n\n<ul class=\"wp-block-list\">\n<li>13 employ\u00e9s ayant le statut de contractuel, constitu\u00e9s de personnels d\u2019appui technique et<\/li>\n<\/ul>\n\n\n\n<p>logistique ;<\/p>\n\n\n\n<ul class=\"wp-block-list\">\n<li>09 personnels non permanents constitu\u00e9s de personnels d\u2019appui logistique<\/li>\n<\/ul>\n\n\n\n<h1 class=\"wp-block-heading\">2.&nbsp;&nbsp;&nbsp; Mise en \u0153uvre des projets ou programmes d\u2019appui au d\u00e9veloppement de la FTP<\/h1>\n\n\n\n<p>Depuis sa cr\u00e9ation en 2002, l\u2019INAP-FTP en qualit\u00e9 de ma\u00eetre d\u2019\u0153uvre a ex\u00e9cut\u00e9 ou particip\u00e9 dans l\u2019ex\u00e9cution de projets et programmes de d\u00e9veloppement de la formation professionnelle et de l\u2019insertion des jeunes. Le mandat de l\u2019INAP-FTP, dans le cadre de la mise en \u0153uvre de ces diff\u00e9rents projets a port\u00e9 en partie ou en totalit\u00e9 sur l\u2019ex\u00e9cution les activit\u00e9s suivantes :<\/p>\n\n\n\n<ul class=\"wp-block-list\">\n<li>R\u00e9alisation ou participation dans la r\u00e9alisation des \u00e9tudes sectorielles, portraits ou enqu\u00eates sur<\/li>\n<\/ul>\n\n\n\n<p>l\u2019identification des besoins en qualifications et comp\u00e9tences des entreprises ;<\/p>\n\n\n\n<ul class=\"wp-block-list\">\n<li>Ecriture de programmes de formation ;<ul><li>Appui aux \u00e9tablissements de formation (diagnostic, identification des besoins en \u00e9quipements, r\u00e9alisation bilan de comp\u00e9tences et \u00e9laboration de plan de formation, r\u00e9alisation d\u2019enqu\u00eates sur le suivi de l\u2019insertion des sortants, suivi \u00e9valuation des indicateurs de d\u00e9veloppement du syst\u00e8me de la formation technique et professionnelle..) ;<\/li><\/ul>\n<ul class=\"wp-block-list\">\n<li>Ex\u00e9cution&nbsp; de&nbsp; plans&nbsp; de&nbsp; formation&nbsp; p\u00e9dagogique&nbsp; au&nbsp; profit&nbsp; des&nbsp; formateurs&nbsp; et&nbsp; personnels<\/li>\n<\/ul>\n<\/li>\n<\/ul>\n\n\n\n<p>d\u2019encadrement ;<\/p>\n\n\n\n<ul class=\"wp-block-list\">\n<li>Appui conseil et ing\u00e9nierie de formation pour la cr\u00e9ation ou la mise \u00e0 niveau des centres de formation professionnelle :<ul><li>Conduire ou participer \u00e0 l\u2019\u00e9laboration des \u00e9tudes sur le syst\u00e8me de formation technique et professionnelle ;<\/li><\/ul><ul><li>Mise en \u0153uvre des actions de formation financ\u00e9es par le 2FTP au profit des entreprises ;<\/li><\/ul>\n<ul class=\"wp-block-list\">\n<li>Mise en \u0153uvre de programmes sp\u00e9cifiques de formation insertion dans le cadre de conventions<\/li>\n<\/ul>\n<\/li>\n<\/ul>\n\n\n\n<p>de partenariat.<\/p>\n\n\n\n<p><\/p>\n","protected":false},"excerpt":{"rendered":"<p>L\u2019Institut National de Promotion de la Formation Technique et Professionnelle (INAP-FTP) est un Etablissement Public \u00e0 caract\u00e8re Administratif, cr\u00e9e par d\u00e9cret n\u00b0 053\/02 du 16 juin 2002 modifi\u00e9 et compl\u00e9t\u00e9 par le d\u00e9cret n\u00b02019-037 du 01 mars 2019. C\u2019est une structure de conseil et d\u2019aide \u00e0 la d\u00e9cision ayant pour missions d\u2019\u0153uvrer \u00e0 rapprocher la &hellip;<\/p>\n","protected":false},"author":1,"featured_media":0,"parent":0,"menu_order":0,"comment_status":"closed","ping_status":"closed","template":"","meta":{"footnotes":""},"class_list":["post-529","page","type-page","status-publish","hentry"],"_links":{"self":[{"href":"https:\/\/mfpam.gov.mr\/index.php?rest_route=\/wp\/v2\/pages\/529","targetHints":{"allow":["GET"]}}],"collection":[{"href":"https:\/\/mfpam.gov.mr\/index.php?rest_route=\/wp\/v2\/pages"}],"about":[{"href":"https:\/\/mfpam.gov.mr\/index.php?rest_route=\/wp\/v2\/types\/page"}],"author":[{"embeddable":true,"href":"https:\/\/mfpam.gov.mr\/index.php?rest_route=\/wp\/v2\/users\/1"}],"replies":[{"embeddable":true,"href":"https:\/\/mfpam.gov.mr\/index.php?rest_route=%2Fwp%2Fv2%2Fcomments&post=529"}],"version-history":[{"count":4,"href":"https:\/\/mfpam.gov.mr\/index.php?rest_route=\/wp\/v2\/pages\/529\/revisions"}],"predecessor-version":[{"id":542,"href":"https:\/\/mfpam.gov.mr\/index.php?rest_route=\/wp\/v2\/pages\/529\/revisions\/542"}],"wp:attachment":[{"href":"https:\/\/mfpam.gov.mr\/index.php?rest_route=%2Fwp%2Fv2%2Fmedia&parent=529"}],"curies":[{"name":"wp","href":"https:\/\/api.w.org\/{rel}","templated":true}]}}