{"id":547,"date":"2025-04-29T11:52:39","date_gmt":"2025-04-29T11:52:39","guid":{"rendered":"https:\/\/mfpam.gov.mr\/?page_id=547"},"modified":"2025-04-29T11:53:38","modified_gmt":"2025-04-29T11:53:38","slug":"le-centre-superieur-de-lenseignement-technique-cset","status":"publish","type":"page","link":"https:\/\/mfpam.gov.mr\/?page_id=547&lang=fr","title":{"rendered":"Le Centre Sup\u00e9rieur de l\u2019Enseignement Technique (CSET)"},"content":{"rendered":"\n<figure class=\"wp-block-image size-large\"><img loading=\"lazy\" decoding=\"async\" width=\"1024\" height=\"768\" src=\"http:\/\/mfpam.gov.mr\/wp-content\/uploads\/2025\/04\/WhatsApp-Image-2025-04-25-at-16.18.14-1024x768.jpeg\" alt=\"\" class=\"wp-image-544\" srcset=\"https:\/\/mfpam.gov.mr\/wp-content\/uploads\/2025\/04\/WhatsApp-Image-2025-04-25-at-16.18.14-1024x768.jpeg 1024w, https:\/\/mfpam.gov.mr\/wp-content\/uploads\/2025\/04\/WhatsApp-Image-2025-04-25-at-16.18.14-300x225.jpeg 300w, https:\/\/mfpam.gov.mr\/wp-content\/uploads\/2025\/04\/WhatsApp-Image-2025-04-25-at-16.18.14-768x576.jpeg 768w, https:\/\/mfpam.gov.mr\/wp-content\/uploads\/2025\/04\/WhatsApp-Image-2025-04-25-at-16.18.14.jpeg 1080w\" sizes=\"auto, (max-width: 1024px) 100vw, 1024px\" \/><\/figure>\n\n\n\n<p>Est un \u00c9tablissement public autonome, cr\u00e9\u00e9 en 1982, sous la tutelle du minist\u00e8re charg\u00e9 de la formation professionnelle.<br>Le CSET vous offre :<\/p>\n\n\n\n<ol class=\"wp-block-list\">\n<li>Formation Initiale des Formateurs ;<\/li>\n\n\n\n<li>Formation Continue des formateurs ;<\/li>\n\n\n\n<li>Formation Initiale des BTS ;<\/li>\n\n\n\n<li>Formation Continue pour les personnels des entreprises.<\/li>\n<\/ol>\n\n\n\n<p>L\u2019acc\u00e8s aux fili\u00e8res<\/p>\n\n\n\n<ol class=\"wp-block-list\">\n<li>.Formations Initiales des Formateurs :<\/li>\n<\/ol>\n\n\n\n<ul class=\"wp-block-list\">\n<li>Par concours externes ouverts aux candidats titulaires :<br>\u2022 d\u2019un Brevet de Technicien Sup\u00e9rieur ou d\u2019un titre admis en \u00e9quivalence pour l\u2019acc\u00e8s \u00e0 la formation des professeur Techniciens ;<br>\u2022 D\u2019un Master ou d\u2019un dipl\u00f4me d\u2019Ing\u00e9nieur ou d\u2019un titre admis en \u00e9quivalence pour l\u2019acc\u00e8s \u00e0 la formation des Professeurs Techniciens Principaux<\/li>\n\n\n\n<li>Les concours internes ouverts aux :<br>\u2022 Instructeurs Formateurs justifiant d\u2019une anciennet\u00e9 de cinq(5) ans au moins \u00e0 la date du concours, pour l\u2019acc\u00e8s \u00e0 la formation des professeurs technicien ;<br>\u2022 Professeurs Techniciens justifiant d\u2019une anciennet\u00e9 de cinq (5) ans au moins \u00e0 la date du concours, pour l\u2019acc\u00e8s \u00e0 la formation des professeurs principaux.<\/li>\n<\/ul>\n\n\n\n<ol class=\"wp-block-list\">\n<li>Formation Initiale des Techniciens Sup\u00e9rieurs (BTS) :<\/li>\n<\/ol>\n\n\n\n<ul class=\"wp-block-list\">\n<li>l\u2019acc\u00e8s s\u2019effectue par concours externe ouvert aux candidats titulaires d\u2019un Brevet de Technicien ou d\u2019un Baccalaur\u00e9at Technique ou Math\u00e9matiques.<\/li>\n<\/ul>\n\n\n\n<p>DUREE DE LA FORMATION<\/p>\n\n\n\n<ul class=\"wp-block-list\">\n<li>Deux (2) ans pour les fili\u00e8res de Technicien Sup\u00e9rieur ;<\/li>\n\n\n\n<li>Deux (2) ans pour les fili\u00e8res de Professeurs Techniciens ;<\/li>\n\n\n\n<li>Deux (2) ans pour les Professeurs Techniciens Principaux.<\/li>\n<\/ul>\n\n\n\n<p>DIPLOMES<\/p>\n\n\n\n<ul class=\"wp-block-list\">\n<li>Le dipl\u00f4me du Certificat d\u2019Aptitude \u00e0 la Fonction de Professeur Technicien (CAFPT) pour la fili\u00e8re de professeur Techniciens ;<\/li>\n\n\n\n<li>Le dipl\u00f4me du Certificat d\u2019Aptitude \u00e0 la Fonction de professeur Technicien Principal (CAFPTP) pour la fili\u00e8re des Professeurs Techniciens Principaux ;<\/li>\n\n\n\n<li>Le dipl\u00f4me du brevet de Technicien Sup\u00e9rieur (BTS) pour la formation des fili\u00e8res de techniciens sup\u00e9rieurs ;<\/li>\n<\/ul>\n\n\n\n<p>ELECTRONIQUE ET ELECTRICITE INDUSTRIELL<\/p>\n\n\n\n<ul class=\"wp-block-list\">\n<li>Mesure Industrielle et Electricit\u00e9 de base<\/li>\n\n\n\n<li>S\u00e9curit\u00e9 Industrielle<\/li>\n\n\n\n<li>Machine tournante et Statique<\/li>\n\n\n\n<li>(Moteurs Asynchrones, Moteurs \u00e0 Courant continu, Transformateurs)<\/li>\n\n\n\n<li>Distribution domestique et Industrielle<\/li>\n\n\n\n<li>Electronique de Puissance<\/li>\n\n\n\n<li>Electronique de commande<\/li>\n\n\n\n<li>Etude d\u2019\u00e9quipement<\/li>\n\n\n\n<li>Energie renouvelable (Syst\u00e8me photovolta\u00efque)<\/li>\n<\/ul>\n\n\n\n<p>MAINTENANCE<\/p>\n\n\n\n<ul class=\"wp-block-list\">\n<li>Organisation de la Maintenance<\/li>\n\n\n\n<li>Co\u00fbt de la Maintenance<\/li>\n\n\n\n<li>R\u00f4le et Gestion du Personnel de Maintenance<\/li>\n\n\n\n<li>Maintenance des Syst\u00e8mes Pneumatiques et Hydrauliques<\/li>\n\n\n\n<li>La Gestion des Stocks et des Approvisionnements<\/li>\n<\/ul>\n\n\n\n<p>CONCEPTION ET FABRICATION MECANIQUE<\/p>\n\n\n\n<ul class=\"wp-block-list\">\n<li>Norme, Plan et Devis Technique<\/li>\n\n\n\n<li>Lecture de Plan \/ M\u00e9trologie<\/li>\n\n\n\n<li>Perfectionnement en Tournage<\/li>\n\n\n\n<li>Perfectionnement Fraisage<\/li>\n\n\n\n<li>Maitrise Statistique du proc\u00e8de<\/li>\n\n\n\n<li>M\u00e9thodologie d\u2019\u00e9laboration d\u2019un Processus de Fabrication<br>STRUCTURES METALIQUES<\/li>\n\n\n\n<li>Tra\u00e7age<\/li>\n\n\n\n<li>-M\u00e9thode<\/li>\n\n\n\n<li>-Technologie<\/li>\n\n\n\n<li>-Soudage manuel et fa\u00e7onnage<\/li>\n<\/ul>\n\n\n\n<p>L\u2019INFORMATIQUE<\/p>\n\n\n\n<ul class=\"wp-block-list\">\n<li>Maintenance R\u00e9seau Informatique (Corrective et Pr\u00e9ventive)<\/li>\n\n\n\n<li>Perfectionnement Logiciels de Simulation<\/li>\n\n\n\n<li>Pratique MSO et SGBD<\/li>\n\n\n\n<li>Formation en D\u00e9veloppement<\/li>\n\n\n\n<li>Formation en D\u00e9veloppement Android, IOS, ETC\u2026<br>G\u00e9nie Civil<\/li>\n\n\n\n<li>Conception et R\u00e9alisation des projets<\/li>\n\n\n\n<li>Topographie<\/li>\n\n\n\n<li>M\u00e9tr\u00e9 \/ OST<\/li>\n\n\n\n<li>RDM<\/li>\n\n\n\n<li>Dessin<\/li>\n\n\n\n<li>DAO<\/li>\n<\/ul>\n\n\n\n<p>NOTRE MISSION<\/p>\n\n\n\n<p>Contribuer au d\u00e9veloppement du secteurs techniques et professionnels en dispensant des formations de haute qualit\u00e9, en offrant un accompagnement personnalis\u00e9 et en soutenant la formation continue pour r\u00e9pondre aux besoins du march\u00e9 de l\u2019emploi et des personnes.<\/p>\n\n\n\n<p>NOS VALEURS<\/p>\n\n\n\n<p>\u2022 Am\u00e9liorer la qualit\u00e9 de vie dans l\u2019\u00e9tablissement.<br>\u2022 \u00catre \u00e0 l\u2019\u00e9coute des clients.<br>\u2022 Travailler en \u00e9quipe.<br>\u2022 Partager la valeur cr\u00e9\u00e9e.<br>\u2022 Anticiper et innover.<\/p>\n\n\n\n<p>LES ESPACES DE FORMATION<\/p>\n\n\n\n<p>o Laboratoires : \u00c9lectrotechnique, \u00e9lectronique, hydraulique, g\u00e9nie civil, informatique, et r\u00e9seaux t\u00e9l\u00e9coms.<\/p>\n\n\n\n<p>o Ateliers : Fabrication m\u00e9canique, c\u00e2blage et automatisme, m\u00e9canique automobile, structure m\u00e9tallique, froid et climatisation.<\/p>\n\n\n\n<p>o Salles de formation : Salle de dessin et huit salles polyvalentes.<\/p>\n\n\n\n<p>FILIERES DE BASES<\/p>\n\n\n\n<p>\u2022 G\u00e9nie Electrique, G\u00e9nie M\u00e9canique, et G\u00e9nie Civil.<br>\u2022 \u00c9lectronique Industrielle et Instrumentation.<br>\u2022 Maintenance Industrielle et Maintenance des V\u00e9hicules \u00e0 Moteur.<br>\u2022 Structure M\u00e9tallique (Soudure Industrielle).<br>\u2022 R\u00e9seaux et Maintenance Informatique.<br>\u2022 Comptabilit\u00e9 &#8211; Gestion, et Bureautique.<\/p>\n\n\n\n<p><\/p>\n","protected":false},"excerpt":{"rendered":"<p>Est un \u00c9tablissement public autonome, cr\u00e9\u00e9 en 1982, sous la tutelle du minist\u00e8re charg\u00e9 de la formation professionnelle.Le CSET vous offre : Formation Initiale des Formateurs ; Formation Continue des formateurs ; Formation Initiale des BTS ; Formation Continue pour les personnels des entreprises. L\u2019acc\u00e8s aux fili\u00e8res .Formations Initiales des Formateurs : Par concours externes &hellip;<\/p>\n","protected":false},"author":1,"featured_media":0,"parent":0,"menu_order":0,"comment_status":"closed","ping_status":"closed","template":"","meta":{"footnotes":""},"class_list":["post-547","page","type-page","status-publish","hentry"],"_links":{"self":[{"href":"https:\/\/mfpam.gov.mr\/index.php?rest_route=\/wp\/v2\/pages\/547","targetHints":{"allow":["GET"]}}],"collection":[{"href":"https:\/\/mfpam.gov.mr\/index.php?rest_route=\/wp\/v2\/pages"}],"about":[{"href":"https:\/\/mfpam.gov.mr\/index.php?rest_route=\/wp\/v2\/types\/page"}],"author":[{"embeddable":true,"href":"https:\/\/mfpam.gov.mr\/index.php?rest_route=\/wp\/v2\/users\/1"}],"replies":[{"embeddable":true,"href":"https:\/\/mfpam.gov.mr\/index.php?rest_route=%2Fwp%2Fv2%2Fcomments&post=547"}],"version-history":[{"count":1,"href":"https:\/\/mfpam.gov.mr\/index.php?rest_route=\/wp\/v2\/pages\/547\/revisions"}],"predecessor-version":[{"id":548,"href":"https:\/\/mfpam.gov.mr\/index.php?rest_route=\/wp\/v2\/pages\/547\/revisions\/548"}],"wp:attachment":[{"href":"https:\/\/mfpam.gov.mr\/index.php?rest_route=%2Fwp%2Fv2%2Fmedia&parent=547"}],"curies":[{"name":"wp","href":"https:\/\/api.w.org\/{rel}","templated":true}]}}