{"id":56,"date":"2025-04-09T01:21:34","date_gmt":"2025-04-09T01:21:34","guid":{"rendered":"http:\/\/localhost\/wordpress\/?page_id=56"},"modified":"2026-02-13T10:56:35","modified_gmt":"2026-02-13T10:56:35","slug":"directions-centrales","status":"publish","type":"page","link":"https:\/\/mfpam.gov.mr\/?page_id=56&lang=fr","title":{"rendered":"Directions centrales"},"content":{"rendered":"\n<p class=\"has-black-color has-text-color has-link-color wp-elements-8687b1d093286f7017f9fcb70be0d39f\">Les Directions Centrales du Minist\u00e8re sont :<\/p>\n\n\n\n<ol class=\"wp-block-list\">\n<li class=\"has-text-color has-link-color wp-elements-c45b9c1c8718f1e629d3b11614d05295\" style=\"color:#419c36;text-decoration:underline\"><a href=\"http:\/\/mfpam.gov.mr\/direction-generale-de-la-formation-technique-et-professionnelle\/\" data-type=\"page\" data-id=\"388\">D<\/a><strong><a href=\"https:\/\/mfpam.gov.mr\/?page_id=388&amp;lang=fr\" data-type=\"page\" data-id=\"388\">irection G\u00e9n\u00e9rale de la Formation Technique et Professionnelle<\/a>\u00a0.<\/strong><\/li>\n\n\n\n<li class=\"has-text-color has-link-color wp-elements-1ee4a7c5bd0bdf470b9bfc9395e186cb\" style=\"color:#419c36;text-decoration:underline\"><strong><a href=\"https:\/\/mfpam.gov.mr\/?page_id=391&amp;lang=fr\" data-type=\"page\" data-id=\"391\">Direction G\u00e9n\u00e9rale de l&rsquo;Artisanat, des M\u00e9tiers et de la Promotion de l&rsquo;\u00c9conomie Sociale et Solidaire<\/a>\u00a0.<\/strong><\/li>\n\n\n\n<li class=\"has-text-color has-link-color wp-elements-4364ea199f047c0508a703689166b942\" style=\"color:#419c36;text-decoration:underline\"><strong><a href=\"https:\/\/mfpam.gov.mr\/?page_id=396&amp;lang=fr\" data-type=\"page\" data-id=\"396\">Direction du D\u00e9veloppement, de la Coop\u00e9ration et des Syst\u00e8mes d\u2019Information<\/a>\u00a0.<\/strong><\/li>\n\n\n\n<li class=\"has-text-color has-link-color wp-elements-9df12e2a4287b74d3e085c442628f1af\" style=\"color:#419c36;text-decoration:underline\"><strong><a href=\"https:\/\/mfpam.gov.mr\/?page_id=400&amp;lang=fr\" data-type=\"page\" data-id=\"400\">Direction des Affaires Administratives et Financi\u00e8res<\/a>\u00a0.<\/strong><\/li>\n\n\n\n<li class=\"has-text-color has-link-color wp-elements-169c0634f4d835e5eb37644ae18d0023\" style=\"color:#419c36;text-decoration:underline\"><strong><a href=\"https:\/\/mfpam.gov.mr\/?page_id=404&amp;lang=fr\" data-type=\"page\" data-id=\"404\">Direction des Ressources Humaines<\/a>.<\/strong><\/li>\n<\/ol>\n\n\n\n<p><\/p>\n","protected":false},"excerpt":{"rendered":"<p>Les Directions Centrales du Minist\u00e8re sont : Direction G\u00e9n\u00e9rale de la Formation Technique et Professionnelle\u00a0. Direction G\u00e9n\u00e9rale de l&rsquo;Artisanat, des M\u00e9tiers et de la Promotion de l&rsquo;\u00c9conomie Sociale et Solidaire\u00a0. Direction du D\u00e9veloppement, de la Coop\u00e9ration et des Syst\u00e8mes d\u2019Information\u00a0. Direction des Affaires Administratives et Financi\u00e8res\u00a0. Direction des Ressources Humaines.<\/p>\n","protected":false},"author":1,"featured_media":0,"parent":0,"menu_order":0,"comment_status":"closed","ping_status":"closed","template":"","meta":{"footnotes":""},"class_list":["post-56","page","type-page","status-publish","hentry"],"_links":{"self":[{"href":"https:\/\/mfpam.gov.mr\/index.php?rest_route=\/wp\/v2\/pages\/56","targetHints":{"allow":["GET"]}}],"collection":[{"href":"https:\/\/mfpam.gov.mr\/index.php?rest_route=\/wp\/v2\/pages"}],"about":[{"href":"https:\/\/mfpam.gov.mr\/index.php?rest_route=\/wp\/v2\/types\/page"}],"author":[{"embeddable":true,"href":"https:\/\/mfpam.gov.mr\/index.php?rest_route=\/wp\/v2\/users\/1"}],"replies":[{"embeddable":true,"href":"https:\/\/mfpam.gov.mr\/index.php?rest_route=%2Fwp%2Fv2%2Fcomments&post=56"}],"version-history":[{"count":11,"href":"https:\/\/mfpam.gov.mr\/index.php?rest_route=\/wp\/v2\/pages\/56\/revisions"}],"predecessor-version":[{"id":901,"href":"https:\/\/mfpam.gov.mr\/index.php?rest_route=\/wp\/v2\/pages\/56\/revisions\/901"}],"wp:attachment":[{"href":"https:\/\/mfpam.gov.mr\/index.php?rest_route=%2Fwp%2Fv2%2Fmedia&parent=56"}],"curies":[{"name":"wp","href":"https:\/\/api.w.org\/{rel}","templated":true}]}}