{"id":58,"date":"2025-04-09T01:22:02","date_gmt":"2025-04-09T01:22:02","guid":{"rendered":"http:\/\/localhost\/wordpress\/?page_id=58"},"modified":"2026-02-13T11:05:38","modified_gmt":"2026-02-13T11:05:38","slug":"etablissements-sous-tutelle","status":"publish","type":"page","link":"https:\/\/mfpam.gov.mr\/?page_id=58&lang=fr","title":{"rendered":"Etablissements sous tutelle"},"content":{"rendered":"\n<ul class=\"wp-block-list\">\n<li class=\"has-global-color-color has-text-color has-link-color wp-elements-8e2f75b9e1843e57a474ea641ba5e6fc\" style=\"text-decoration:underline\"><a href=\"https:\/\/mfpam.gov.mr\/?page_id=529&amp;lang=fr\" data-type=\"page\" data-id=\"529\"><strong>L\u2019Institut National de Promotion de la Formation Technique et Professionnelle (INAP-FTP)<\/strong><\/a>\u00a0;<\/li>\n\n\n\n<li class=\"has-global-color-color has-text-color has-link-color wp-elements-c4d7c60b46d97f977bf900fe0a4cfffe\" style=\"text-decoration:underline\"><strong><a href=\"https:\/\/mfpam.gov.mr\/?page_id=547&amp;lang=fr\" data-type=\"page\" data-id=\"547\">Le Centre Sup\u00e9rieur de l\u2019Enseignement Technique (CSET)<\/a>\u00a0;<\/strong><\/li>\n\n\n\n<li class=\"has-global-color-color has-text-color has-link-color wp-elements-f37385e68c1a561beeb161621f7c9439\" style=\"text-decoration:underline\"><strong>La Chambre Nationale de l&rsquo;Artisanat et des M\u00e9tiers (CNARM) ;<\/strong><\/li>\n\n\n\n<li class=\"has-global-color-color has-text-color has-link-color wp-elements-a5c130168557bf708b19271e66fe018b\" style=\"text-decoration:underline\"><strong>Les \u00e9coles, centres, instituts et offices de formation technique et professionnelle relevant de ses comp\u00e9tences&nbsp;;<\/strong><\/li>\n\n\n\n<li class=\"has-global-color-color has-text-color has-link-color wp-elements-770ebb2bfd41da9dc4deacdeb4cf8b52\" style=\"text-decoration:underline\"><strong>les centres, offices, agences et instituts de promotion, d&rsquo;encadrement, de r\u00e9gulation et de contr\u00f4le des secteurs relevant de ses comp\u00e9tences.<\/strong><\/li>\n<\/ul>\n\n\n\n<p><\/p>\n\n\n\n<p><\/p>\n","protected":false},"excerpt":{"rendered":"<p>L\u2019Institut National de Promotion de la Formation Technique et Professionnelle (INAP-FTP)\u00a0; Le Centre Sup\u00e9rieur de l\u2019Enseignement Technique (CSET)\u00a0; La Chambre Nationale de l&rsquo;Artisanat et des M\u00e9tiers (CNARM) ; Les \u00e9coles, centres, instituts et offices de formation technique et professionnelle relevant de ses comp\u00e9tences&nbsp;; les centres, offices, agences et instituts de promotion, d&rsquo;encadrement, de r\u00e9gulation et &hellip;<\/p>\n","protected":false},"author":1,"featured_media":0,"parent":0,"menu_order":0,"comment_status":"closed","ping_status":"closed","template":"","meta":{"footnotes":""},"class_list":["post-58","page","type-page","status-publish","hentry"],"_links":{"self":[{"href":"https:\/\/mfpam.gov.mr\/index.php?rest_route=\/wp\/v2\/pages\/58","targetHints":{"allow":["GET"]}}],"collection":[{"href":"https:\/\/mfpam.gov.mr\/index.php?rest_route=\/wp\/v2\/pages"}],"about":[{"href":"https:\/\/mfpam.gov.mr\/index.php?rest_route=\/wp\/v2\/types\/page"}],"author":[{"embeddable":true,"href":"https:\/\/mfpam.gov.mr\/index.php?rest_route=\/wp\/v2\/users\/1"}],"replies":[{"embeddable":true,"href":"https:\/\/mfpam.gov.mr\/index.php?rest_route=%2Fwp%2Fv2%2Fcomments&post=58"}],"version-history":[{"count":6,"href":"https:\/\/mfpam.gov.mr\/index.php?rest_route=\/wp\/v2\/pages\/58\/revisions"}],"predecessor-version":[{"id":903,"href":"https:\/\/mfpam.gov.mr\/index.php?rest_route=\/wp\/v2\/pages\/58\/revisions\/903"}],"wp:attachment":[{"href":"https:\/\/mfpam.gov.mr\/index.php?rest_route=%2Fwp%2Fv2%2Fmedia&parent=58"}],"curies":[{"name":"wp","href":"https:\/\/api.w.org\/{rel}","templated":true}]}}