{"id":71,"date":"2025-04-09T02:16:45","date_gmt":"2025-04-09T02:16:45","guid":{"rendered":"http:\/\/localhost\/wordpress\/?page_id=71"},"modified":"2025-04-17T19:47:00","modified_gmt":"2025-04-17T19:47:00","slug":"lartisanat-et-des-metiers","status":"publish","type":"page","link":"https:\/\/mfpam.gov.mr\/?page_id=71&lang=fr","title":{"rendered":"L&rsquo;artisanat et des m\u00e9tiers"},"content":{"rendered":"\n<p>La vision strat\u00e9gique du d\u00e9partement pour le quinquennat, s\u2019inscrit dans le cadre des programmes et strat\u00e9gies sectorielles notamment&nbsp;: (i) la Strat\u00e9gie Nationale de l\u2019Artisanat, \u00e9labor\u00e9e en 2024 et, qui cherche \u00e0 valoriser le secteur de l&rsquo;artisanat, pilier historique de l&rsquo;\u00e9conomie mauritanienne, en modernisant ses pratiques et en facilitant l&rsquo;acc\u00e8s des artisans aux march\u00e9s, (ii) la Strat\u00e9gie 2023 -2030 de l\u2019Enseignement et de la Formation Technique et Professionnelle, qui vise \u00e0 aligner l&rsquo;offre de formation technique et professionnelle avec les besoins r\u00e9els du march\u00e9 de l\u2019emploi, et (iii) la Strat\u00e9gie Nationale de Promotion de l\u2019Economie Sociale et Solidaire, qui encourage le d\u00e9veloppement d&rsquo;une \u00e9conomie inclusive, bas\u00e9e sur la solidarit\u00e9 et la coop\u00e9ration.&nbsp;<\/p>\n\n\n\n<p>Cette vision se d\u00e9cline dans les objectifs strat\u00e9giques du d\u00e9partement&nbsp;:<\/p>\n\n\n\n<ul class=\"wp-block-list\">\n<li>D\u00e9velopper et dynamiser les fili\u00e8res artisanales et celles de l\u2019ESS pour renforcer l&#8217;emploi, pr\u00e9server le patrimoine culturel et am\u00e9liorer les conditions de vie des artisans et des acteurs de l\u2019ESS<\/li>\n\n\n\n<li>Structurer et professionnaliser les fili\u00e8res artisanales et de l&rsquo;ESS<\/li>\n\n\n\n<li>Am\u00e9liorer la qualit\u00e9 et la comp\u00e9titivit\u00e9 des produits artisanaux<\/li>\n\n\n\n<li>D\u00e9velopper les march\u00e9s locaux et internationaux pour les produits artisanaux<\/li>\n<\/ul>\n\n\n\n<p>L\u2019impact recherch\u00e9 est de promouvoir un mod\u00e8le artisanal moderne, rentable, perp\u00e9tuant les valeurs ancestrales du pays, adoptant des valeurs valorisant la qualit\u00e9 et la cr\u00e9ativit\u00e9, un artisanat ayant d\u00e9sormais sa propre identit\u00e9 entrepreneuriale, d\u00e9sormais reconnu et trait\u00e9 comme un pan important de l\u2019\u00e9conomie.<\/p>\n\n\n\n<p>Les projets phares du plan d\u2019actions op\u00e9rationnels pr\u00e9vus en 2025 dans le cadre de la strat\u00e9gie de d\u00e9veloppement des secteurs de l\u2019artisanat, des m\u00e9tiers et de l\u2019\u00e9conomie sociale et solidaire adopt\u00e9 par le gouvernement mauritanien sont :<\/p>\n\n\n\n<p>\u27a2 La mise en service du village artisanal de Nouakchott, qui comprendra un centre de formation professionnelle pour l\u2019artisanat et les m\u00e9tiers, des ateliers de production et des boutiques d\u2019exposition et de commerce, ainsi que la construction et l\u2019\u00e9quipement de nouvelles maisons d\u2019artisanat dans les wilayas de l\u2019int\u00e9rieur ;<\/p>\n\n\n\n<p>\u27a2 L\u2019\u00e9laboration d\u2019une encyclop\u00e9die nationale de l\u2019artisanat pour la valorisation et la pr\u00e9servation de notre patrimoine artisanal et culturel;<\/p>\n\n\n\n<p>\u27a2 La mise en \u0153uvre d\u2019une \u00e9tude sur le d\u00e9veloppement des fili\u00e8res prometteuses de l\u2019artisanat, de l\u2019\u00e9conomie sociale et solidaire, et la mobilisation des ressources pour impl\u00e9menter des programmes de d\u00e9veloppement de ces chaines de valeurs afin de promouvoir nos productions locales;<\/p>\n\n\n\n<p>\u27a2 La cr\u00e9ation d\u2019un label de qualit\u00e9 pour l\u2019Artisanat National&nbsp;pour am\u00e9liorer la qualit\u00e9 de nos produits;<\/p>\n\n\n\n<p>\u27a2 La cr\u00e9ation d\u2019une Agence nationale pour la promotion de l\u2019artisanat et de l\u2019\u00e9conomie sociale et solidaire, qui comprendra un fonds de soutien aux activit\u00e9s des secteurs afin d\u2019accompagner nos artisans et nos acteurs de l\u2019ESS;<\/p>\n\n\n\n<p> \u27a2 Recensement des acteurs de l\u2019artisanat, des m\u00e9tiers et de l\u2019\u00e9conomie sociale et solidaire ainsi que la cartographie des m\u00e9tiers, afin d\u2019identifier ces acteurs, connaitre leur besoins et mesurer leur impact.<\/p>\n\n\n\n<p><\/p>\n","protected":false},"excerpt":{"rendered":"<p>La vision strat\u00e9gique du d\u00e9partement pour le quinquennat, s\u2019inscrit dans le cadre des programmes et strat\u00e9gies sectorielles notamment&nbsp;: (i) la Strat\u00e9gie Nationale de l\u2019Artisanat, \u00e9labor\u00e9e en 2024 et, qui cherche \u00e0 valoriser le secteur de l&rsquo;artisanat, pilier historique de l&rsquo;\u00e9conomie mauritanienne, en modernisant ses pratiques et en facilitant l&rsquo;acc\u00e8s des artisans aux march\u00e9s, (ii) la &hellip;<\/p>\n","protected":false},"author":1,"featured_media":0,"parent":0,"menu_order":0,"comment_status":"closed","ping_status":"closed","template":"","meta":{"footnotes":""},"class_list":["post-71","page","type-page","status-publish","hentry"],"_links":{"self":[{"href":"https:\/\/mfpam.gov.mr\/index.php?rest_route=\/wp\/v2\/pages\/71","targetHints":{"allow":["GET"]}}],"collection":[{"href":"https:\/\/mfpam.gov.mr\/index.php?rest_route=\/wp\/v2\/pages"}],"about":[{"href":"https:\/\/mfpam.gov.mr\/index.php?rest_route=\/wp\/v2\/types\/page"}],"author":[{"embeddable":true,"href":"https:\/\/mfpam.gov.mr\/index.php?rest_route=\/wp\/v2\/users\/1"}],"replies":[{"embeddable":true,"href":"https:\/\/mfpam.gov.mr\/index.php?rest_route=%2Fwp%2Fv2%2Fcomments&post=71"}],"version-history":[{"count":2,"href":"https:\/\/mfpam.gov.mr\/index.php?rest_route=\/wp\/v2\/pages\/71\/revisions"}],"predecessor-version":[{"id":460,"href":"https:\/\/mfpam.gov.mr\/index.php?rest_route=\/wp\/v2\/pages\/71\/revisions\/460"}],"wp:attachment":[{"href":"https:\/\/mfpam.gov.mr\/index.php?rest_route=%2Fwp%2Fv2%2Fmedia&parent=71"}],"curies":[{"name":"wp","href":"https:\/\/api.w.org\/{rel}","templated":true}]}}