{"id":87,"date":"2025-04-09T02:40:11","date_gmt":"2025-04-09T02:40:11","guid":{"rendered":"http:\/\/localhost\/wordpress\/?page_id=87"},"modified":"2025-04-16T00:41:02","modified_gmt":"2025-04-16T00:41:02","slug":"le-cabinet-du-ministre","status":"publish","type":"page","link":"https:\/\/mfpam.gov.mr\/?page_id=87&lang=fr","title":{"rendered":"Le Cabinet du Ministre"},"content":{"rendered":"\n<p>En plus des charg\u00e9s de mission, le Cabinet du Ministre comprend six (6) conseillers techniques, une (1) inspection g\u00e9n\u00e9rale, un coordinateur g\u00e9n\u00e9ral du programme national de promotion de l\u2019artisanat qui a rang de conseiller technique, quatre (4) attach\u00e9s au Cabinet ayant rang de Chefs de Service, un (1) secr\u00e9tariat particulier.<\/p>\n\n\n\n<p>Les Charg\u00e9s de Mission, plac\u00e9s sous l\u2019autorit\u00e9 du Ministre, sont charg\u00e9s de toute r\u00e9forme, \u00e9tude, ou mission que leur confie le Ministre.<\/p>\n\n\n\n<p>Les Conseillers sont plac\u00e9s sous l\u2019autorit\u00e9 directe du Ministre. D\u2019une mani\u00e8re g\u00e9n\u00e9rale, ils \u00e9laborent des \u00e9tudes, notes d\u2019avis et propositions sur les dossiers que leur confie le Ministre. Ils se sp\u00e9cialisent respectivement conform\u00e9ment aux indications ci-apr\u00e8s :<\/p>\n\n\n\n<ul class=\"wp-block-list\">\n<li><strong>Le <\/strong>Conseiller Juridique a pour attributions d\u2019\u00e9laborer et d\u2019am\u00e9liorer les textes juridiques relatifs aux domaines d\u2019intervention du Minist\u00e8re, de donner son avis sur les questions d\u2019ordre juridique, de prendre en charge les contentieux du minist\u00e8re ainsi que les accidents de travail et de service et de r\u00e9aliser des \u00e9tudes sur les projets d\u2019actes l\u00e9gislatifs et r\u00e9glementaires ainsi que les projets de conventions propos\u00e9s par les Directions en collaboration \u00e9troite avec la Direction G\u00e9n\u00e9rale de la L\u00e9gislation, de la Traduction et de l\u2019Edition du Journal Officiel\u00a0;<\/li>\n\n\n\n<li>Le Conseiller charg\u00e9 de la Formation Professionnelle a pour attributions d\u2019apporter au Ministre le conseil en mati\u00e8re de politiques, strat\u00e9gies et programmes de la formation professionnelle\u00a0;<\/li>\n\n\n\n<li>Le Conseiller charg\u00e9 de l\u2019Enseignement Technique a pour attributions d\u2019apporter au Ministre le conseil en mati\u00e8re de politiques, strat\u00e9gies et programmes de l\u2019enseignement technique\u00a0;<\/li>\n\n\n\n<li>Le <strong>Conseiller charg\u00e9 de la Communication<\/strong>\u00a0est charg\u00e9 de concevoir la politique du d\u00e9partement en mati\u00e8re de communication, de cr\u00e9er et organiser les relations avec les organes de presse, de rassembler, d\u2019analyser, de publier les informations relatives aux activit\u00e9s du Minist\u00e8re et de promouvoir la culture de communication au sein du d\u00e9partement.<\/li>\n\n\n\n<li>Le Conseiller charg\u00e9 de l\u2019Artisanat et des M\u00e9tiers a pour attributions d\u2019apporter au Ministre le conseil en mati\u00e8re de politiques, strat\u00e9gies et programmes de d\u00e9veloppement de l\u2019artisanat et des m\u00e9tiers\u00a0;<\/li>\n\n\n\n<li>Le Conseiller charg\u00e9 de l\u2019\u00c9conomie Sociale et Solidaire a pour attributions d\u2019apporter au Ministre le conseil en mati\u00e8re de politiques, strat\u00e9gies et programmes de promotion de l\u2019\u00e9conomie sociale et solidaire.<\/li>\n<\/ul>\n\n\n\n<p>L\u2019Inspection G\u00e9n\u00e9rale Interne est charg\u00e9e, sous l\u2019autorit\u00e9 du Ministre :<\/p>\n\n\n\n<ul class=\"wp-block-list\">\n<li>d\u2019\u00e9laborer et de mettre en \u0153uvre les orientations en mati\u00e8re de d\u00e9veloppement des curricula\u00a0;<\/li>\n\n\n\n<li>de concevoir et de mettre en \u0153uvre la politique du d\u00e9partement en mati\u00e8re de contr\u00f4le et d\u2019animation p\u00e9dagogique\u00a0;<\/li>\n\n\n\n<li>de concevoir et de suivre l\u2019utilisation des outils de gestion administrative et p\u00e9dagogique \u00e0 tous les niveaux\u00a0;<\/li>\n\n\n\n<li>de v\u00e9rifier l\u2019efficacit\u00e9 de la gestion des activit\u00e9s de l\u2019ensemble des services du d\u00e9partement et leur conformit\u00e9 aux lois et r\u00e8glements en vigueur\u00a0;<\/li>\n\n\n\n<li>d\u2019ex\u00e9cuter les missions d\u2019inspection interne, telles que d\u00e9finies \u00e0 l\u2019article 6 du d\u00e9cret n\u00b0 075-93 du 6 juin 1993\u00a0;<\/li>\n\n\n\n<li>de soumettre son avis au Ministre sur les r\u00e9f\u00e9rentiels et programmes de formation technique et professionnelle \u00e9labor\u00e9s par l\u2019Institut National de Promotion de la Formation Technique et Professionnelle (INAP-FTP).<\/li>\n<\/ul>\n\n\n\n<p>L&rsquo;Inspection G\u00e9n\u00e9rale Interne est dirig\u00e9e par un Inspecteur G\u00e9n\u00e9ral qui a rang de Conseiller technique assist\u00e9 par sept (7) inspecteurs ayant rang de directeurs de l\u2019administration centrale.<\/p>\n\n\n\n<p>L\u2019inspection G\u00e9n\u00e9rale Interne comprend&nbsp;:<\/p>\n\n\n\n<ul class=\"wp-block-list\">\n<li>Un Inspecteur charg\u00e9 du contr\u00f4le administratif et de gestion\u00a0;<\/li>\n\n\n\n<li>Un inspecteur charg\u00e9 de l\u2019artisanat et des m\u00e9tiers\u00a0;<\/li>\n\n\n\n<li>Cinq (5) inspecteurs technico-p\u00e9dagogiques\u00a0:<\/li>\n\n\n\n<li>Un Inspecteur charg\u00e9 du secteur Industriel\u00a0;<\/li>\n\n\n\n<li>Un Inspecteur charg\u00e9 du secteur du B\u00e2timent et Travaux Publics\u00a0;<\/li>\n\n\n\n<li>Un Inspecteur charg\u00e9 du secteur Tertiaire\u00a0;<\/li>\n\n\n\n<li>Un Inspecteur charg\u00e9 du secteur Agricole\u00a0;<\/li>\n\n\n\n<li>Un Inspecteur charg\u00e9 de la formation professionnelle Priv\u00e9e.<\/li>\n<\/ul>\n\n\n\n<p><\/p>\n","protected":false},"excerpt":{"rendered":"<p>En plus des charg\u00e9s de mission, le Cabinet du Ministre comprend six (6) conseillers techniques, une (1) inspection g\u00e9n\u00e9rale, un coordinateur g\u00e9n\u00e9ral du programme national de promotion de l\u2019artisanat qui a rang de conseiller technique, quatre (4) attach\u00e9s au Cabinet ayant rang de Chefs de Service, un (1) secr\u00e9tariat particulier. Les Charg\u00e9s de Mission, plac\u00e9s &hellip;<\/p>\n","protected":false},"author":1,"featured_media":0,"parent":0,"menu_order":0,"comment_status":"closed","ping_status":"closed","template":"","meta":{"footnotes":""},"class_list":["post-87","page","type-page","status-publish","hentry"],"_links":{"self":[{"href":"https:\/\/mfpam.gov.mr\/index.php?rest_route=\/wp\/v2\/pages\/87","targetHints":{"allow":["GET"]}}],"collection":[{"href":"https:\/\/mfpam.gov.mr\/index.php?rest_route=\/wp\/v2\/pages"}],"about":[{"href":"https:\/\/mfpam.gov.mr\/index.php?rest_route=\/wp\/v2\/types\/page"}],"author":[{"embeddable":true,"href":"https:\/\/mfpam.gov.mr\/index.php?rest_route=\/wp\/v2\/users\/1"}],"replies":[{"embeddable":true,"href":"https:\/\/mfpam.gov.mr\/index.php?rest_route=%2Fwp%2Fv2%2Fcomments&post=87"}],"version-history":[{"count":3,"href":"https:\/\/mfpam.gov.mr\/index.php?rest_route=\/wp\/v2\/pages\/87\/revisions"}],"predecessor-version":[{"id":383,"href":"https:\/\/mfpam.gov.mr\/index.php?rest_route=\/wp\/v2\/pages\/87\/revisions\/383"}],"wp:attachment":[{"href":"https:\/\/mfpam.gov.mr\/index.php?rest_route=%2Fwp%2Fv2%2Fmedia&parent=87"}],"curies":[{"name":"wp","href":"https:\/\/api.w.org\/{rel}","templated":true}]}}