{"id":89,"date":"2025-04-09T02:40:58","date_gmt":"2025-04-09T02:40:58","guid":{"rendered":"http:\/\/localhost\/wordpress\/?page_id=89"},"modified":"2025-04-16T00:44:59","modified_gmt":"2025-04-16T00:44:59","slug":"le-secretariat-general","status":"publish","type":"page","link":"https:\/\/mfpam.gov.mr\/?page_id=89&lang=fr","title":{"rendered":"Le Secr\u00e9tariat G\u00e9n\u00e9ral"},"content":{"rendered":"\n<p>Le Secr\u00e9tariat G\u00e9n\u00e9ral veille \u00e0 l\u2019application des d\u00e9cisions prises par le Ministre.<\/p>\n\n\n\n<p>Il est charg\u00e9 de la coordination des activit\u00e9s de l\u2019ensemble des services du d\u00e9partement. Il est dirig\u00e9 par un Secr\u00e9taire G\u00e9n\u00e9ral.<\/p>\n\n\n\n<p>Le Secr\u00e9tariat G\u00e9n\u00e9ral comprend :<\/p>\n\n\n\n<ul class=\"wp-block-list\">\n<li>Le Secr\u00e9taire G\u00e9n\u00e9ral ;<\/li>\n\n\n\n<li>Les services rattach\u00e9s au Secr\u00e9tariat G\u00e9n\u00e9ral.<\/li>\n<\/ul>\n\n\n\n<ol class=\"wp-block-list\">\n<li><strong><u>Le Secr\u00e9taire G\u00e9n\u00e9ral<\/u><\/strong><\/li>\n<\/ol>\n\n\n\n<p>Le Secr\u00e9taire G\u00e9n\u00e9ral est charg\u00e9, sous l\u2019autorit\u00e9 et par d\u00e9l\u00e9gation du Ministre, d\u2019ex\u00e9cuter les t\u00e2ches d\u00e9finies \u00e0 l\u2019article 9 du d\u00e9cret N\u00b0 075-93 du 06 juin 1993, et notamment :<\/p>\n\n\n\n<ul class=\"wp-block-list\">\n<li>l\u2019animation, la coordination et le contr\u00f4le des activit\u00e9s du d\u00e9partement ;<\/li>\n\n\n\n<li>le suivi administratif des dossiers et des relations avec les services ext\u00e9rieurs ;<\/li>\n\n\n\n<li>l\u2019\u00e9laboration du budget du d\u00e9partement et le contr\u00f4le de son ex\u00e9cution ;<\/li>\n\n\n\n<li>la gestion des ressources humaines, financi\u00e8res et mat\u00e9rielles affect\u00e9es au d\u00e9partement.<\/li>\n<\/ul>\n\n\n\n<ul class=\"wp-block-list\">\n<li><strong><u>Les Services rattach\u00e9s au Secr\u00e9taire G\u00e9n\u00e9ral<\/u><\/strong><\/li>\n<\/ul>\n\n\n\n<p>Les services rattach\u00e9s au Secr\u00e9taire G\u00e9n\u00e9ral sont\u00a0:<\/p>\n\n\n\n<ul class=\"wp-block-list\">\n<li>Service de la Traduction\u00a0;<\/li>\n\n\n\n<li>Service charg\u00e9 de l&rsquo;Accueil, des Relations avec le Public\u00a0et des r\u00e9clamations ;<\/li>\n\n\n\n<li>Service du Secr\u00e9tariat Central.<\/li>\n<\/ul>\n\n\n\n<p>Le service de la traduction est charg\u00e9 de la traduction de tous les documents ou actes utiles au d\u00e9partement.<\/p>\n\n\n\n<p>Il comprend deux (2) divisions&nbsp;:<\/p>\n\n\n\n<ul class=\"wp-block-list\">\n<li>Division de la traduction des documents\u00a0;<\/li>\n\n\n\n<li>Division de l\u2019interpr\u00e9tariat.<\/li>\n<\/ul>\n\n\n\n<p>Le Service charg\u00e9 de l\u2019accueil, des relations avec le public et des r\u00e9clamations est charg\u00e9 d\u2019accueillir les citoyens, de recevoir leurs requ\u00eates et d\u2019instruire ces requ\u00eates en collaboration avec les services concern\u00e9s, en vue de leur trouver les solutions appropri\u00e9es, de r\u00e9pondre aux citoyens directement ou par correspondance et de renseigner le public sur les proc\u00e9dures et formalit\u00e9s administratives concernant l&rsquo;octroi des diverses prestations et ce, directement, par correspondance ou par t\u00e9l\u00e9phone.<\/p>\n\n\n\n<p>&nbsp;Il comprend deux (2) divisions&nbsp;:<\/p>\n\n\n\n<ul class=\"wp-block-list\">\n<li>Division de l\u2019accueil\u00a0;<\/li>\n\n\n\n<li>Division du suivi des r\u00e9clamations.<\/li>\n<\/ul>\n\n\n\n<p>Le Service charg\u00e9 du secr\u00e9tariat central a pour activit\u00e9s, la r\u00e9ception, l&rsquo;exp\u00e9dition, l&rsquo;enregistrement, la ventilation et le suivi du courrier. Il est charg\u00e9 \u00e9galement du classement et de la conservation des correspondances et des actes administratifs.<\/p>\n\n\n\n<p>Il comprend trois (3) divisions&nbsp;:<\/p>\n\n\n\n<ul class=\"wp-block-list\">\n<li>Division de la gestion du courrier\u00a0;<\/li>\n\n\n\n<li>Division de l\u2019archive\u00a0;\u00a0\u00a0\u00a0 \u00a0\u00a0\u00a0\u00a0\u00a0<\/li>\n\n\n\n<li>Division de l\u2019informatique.<\/li>\n<\/ul>\n\n\n\n<p><\/p>\n","protected":false},"excerpt":{"rendered":"<p>Le Secr\u00e9tariat G\u00e9n\u00e9ral veille \u00e0 l\u2019application des d\u00e9cisions prises par le Ministre. Il est charg\u00e9 de la coordination des activit\u00e9s de l\u2019ensemble des services du d\u00e9partement. Il est dirig\u00e9 par un Secr\u00e9taire G\u00e9n\u00e9ral. Le Secr\u00e9tariat G\u00e9n\u00e9ral comprend : Le Secr\u00e9taire G\u00e9n\u00e9ral ; Les services rattach\u00e9s au Secr\u00e9tariat G\u00e9n\u00e9ral. Le Secr\u00e9taire G\u00e9n\u00e9ral Le Secr\u00e9taire G\u00e9n\u00e9ral est &hellip;<\/p>\n","protected":false},"author":1,"featured_media":0,"parent":0,"menu_order":0,"comment_status":"closed","ping_status":"closed","template":"","meta":{"footnotes":""},"class_list":["post-89","page","type-page","status-publish","hentry"],"_links":{"self":[{"href":"https:\/\/mfpam.gov.mr\/index.php?rest_route=\/wp\/v2\/pages\/89","targetHints":{"allow":["GET"]}}],"collection":[{"href":"https:\/\/mfpam.gov.mr\/index.php?rest_route=\/wp\/v2\/pages"}],"about":[{"href":"https:\/\/mfpam.gov.mr\/index.php?rest_route=\/wp\/v2\/types\/page"}],"author":[{"embeddable":true,"href":"https:\/\/mfpam.gov.mr\/index.php?rest_route=\/wp\/v2\/users\/1"}],"replies":[{"embeddable":true,"href":"https:\/\/mfpam.gov.mr\/index.php?rest_route=%2Fwp%2Fv2%2Fcomments&post=89"}],"version-history":[{"count":2,"href":"https:\/\/mfpam.gov.mr\/index.php?rest_route=\/wp\/v2\/pages\/89\/revisions"}],"predecessor-version":[{"id":385,"href":"https:\/\/mfpam.gov.mr\/index.php?rest_route=\/wp\/v2\/pages\/89\/revisions\/385"}],"wp:attachment":[{"href":"https:\/\/mfpam.gov.mr\/index.php?rest_route=%2Fwp%2Fv2%2Fmedia&parent=89"}],"curies":[{"name":"wp","href":"https:\/\/api.w.org\/{rel}","templated":true}]}}